{"id":349687,"date":"2024-03-01T22:29:46","date_gmt":"2024-03-01T21:29:46","guid":{"rendered":"https:\/\/gajostest.a2hosted.com\/eshop\/peltor-sluch-h520p3e-410-gq-h7p3e\/"},"modified":"2026-04-19T07:10:45","modified_gmt":"2026-04-19T05:10:45","slug":"peltor-sluch-h520p3e-410-gq-h7p3e","status":"publish","type":"product","link":"https:\/\/gajos.sk\/eshop\/p\/peltor-sluch-h520p3e-410-gq-h7p3e\/","title":{"rendered":"PELTOR &#8211; sluch. H520P3E-410-GQ\/H7P3e"},"content":{"rendered":"","protected":false},"excerpt":{"rendered":"<p>V\u00fdkonn\u00fd stredn\u00fd zelen\u00fd mu\u0161\u013eov\u00fd chr\u00e1ni\u010d sluchu, kvapalinou a penou plnen\u00fdmi tesniacimi vank\u00fa\u0161ikmi, hmotnos\u0165 240 g, tlm\u00ed dobre i n\u00edzke frekvencie, vhodn\u00fd do hlu\u010dn\u00e9ho prostredia.<\/p>\n","protected":false},"featured_media":349689,"template":"","meta":{"_acf_changed":false,"inline_featured_image":false},"product_brand":[],"product_cat":[2489,2485,2128],"product_tag":[1275],"class_list":{"0":"post-349687","1":"product","2":"type-product","3":"status-publish","4":"has-post-thumbnail","6":"product_cat-muslove-chranice","7":"product_cat-ochrana-sluchu","8":"product_cat-ochranne-pomocky","9":"product_tag-3m","10":"pa_velkost-uni","12":"first","13":"instock","14":"taxable","15":"shipping-taxable","16":"purchasable","17":"product-type-variable"},"acf":[],"_links":{"self":[{"href":"https:\/\/gajos.sk\/eshop\/wp-json\/wp\/v2\/product\/349687","targetHints":{"allow":["GET"]}}],"collection":[{"href":"https:\/\/gajos.sk\/eshop\/wp-json\/wp\/v2\/product"}],"about":[{"href":"https:\/\/gajos.sk\/eshop\/wp-json\/wp\/v2\/types\/product"}],"wp:featuredmedia":[{"embeddable":true,"href":"https:\/\/gajos.sk\/eshop\/wp-json\/wp\/v2\/media\/349689"}],"wp:attachment":[{"href":"https:\/\/gajos.sk\/eshop\/wp-json\/wp\/v2\/media?parent=349687"}],"wp:term":[{"taxonomy":"product_brand","embeddable":true,"href":"https:\/\/gajos.sk\/eshop\/wp-json\/wp\/v2\/product_brand?post=349687"},{"taxonomy":"product_cat","embeddable":true,"href":"https:\/\/gajos.sk\/eshop\/wp-json\/wp\/v2\/product_cat?post=349687"},{"taxonomy":"product_tag","embeddable":true,"href":"https:\/\/gajos.sk\/eshop\/wp-json\/wp\/v2\/product_tag?post=349687"}],"curies":[{"name":"wp","href":"https:\/\/api.w.org\/{rel}","templated":true}]}}