{"id":349675,"date":"2024-03-01T22:29:35","date_gmt":"2024-03-01T21:29:35","guid":{"rendered":"https:\/\/gajostest.a2hosted.com\/eshop\/peltor-sluch-h510b-403-gu-h9b\/"},"modified":"2026-04-19T07:10:45","modified_gmt":"2026-04-19T05:10:45","slug":"peltor-sluch-h510b-403-gu-h9b","status":"publish","type":"product","link":"https:\/\/gajos.sk\/eshop\/p\/peltor-sluch-h510b-403-gu-h9b\/","title":{"rendered":"PELTOR &#8211; sluch. H510B-403-GU\/H9B"},"content":{"rendered":"","protected":false},"excerpt":{"rendered":"<p>\u013dahk\u00fd \u017elt\u00fd chr\u00e1ni\u010d sluchu, s kr\u010dn\u00fdm obl\u00fakom a penou vyplnen\u00fdmi tesniacimi vank\u00fa\u0161ikmi, hmotnos\u0165 135 g, vhodn\u00fd na priemyseln\u00e9 pou\u017eitie.<\/p>\n","protected":false},"featured_media":349677,"template":"","meta":{"_acf_changed":false,"inline_featured_image":false},"product_brand":[],"product_cat":[2489,2485,2128],"product_tag":[1275],"class_list":{"0":"post-349675","1":"product","2":"type-product","3":"status-publish","4":"has-post-thumbnail","6":"product_cat-muslove-chranice","7":"product_cat-ochrana-sluchu","8":"product_cat-ochranne-pomocky","9":"product_tag-3m","10":"pa_velkost-uni","12":"first","13":"instock","14":"taxable","15":"shipping-taxable","16":"purchasable","17":"product-type-variable"},"acf":[],"_links":{"self":[{"href":"https:\/\/gajos.sk\/eshop\/wp-json\/wp\/v2\/product\/349675","targetHints":{"allow":["GET"]}}],"collection":[{"href":"https:\/\/gajos.sk\/eshop\/wp-json\/wp\/v2\/product"}],"about":[{"href":"https:\/\/gajos.sk\/eshop\/wp-json\/wp\/v2\/types\/product"}],"wp:featuredmedia":[{"embeddable":true,"href":"https:\/\/gajos.sk\/eshop\/wp-json\/wp\/v2\/media\/349677"}],"wp:attachment":[{"href":"https:\/\/gajos.sk\/eshop\/wp-json\/wp\/v2\/media?parent=349675"}],"wp:term":[{"taxonomy":"product_brand","embeddable":true,"href":"https:\/\/gajos.sk\/eshop\/wp-json\/wp\/v2\/product_brand?post=349675"},{"taxonomy":"product_cat","embeddable":true,"href":"https:\/\/gajos.sk\/eshop\/wp-json\/wp\/v2\/product_cat?post=349675"},{"taxonomy":"product_tag","embeddable":true,"href":"https:\/\/gajos.sk\/eshop\/wp-json\/wp\/v2\/product_tag?post=349675"}],"curies":[{"name":"wp","href":"https:\/\/api.w.org\/{rel}","templated":true}]}}