{"id":349672,"date":"2024-03-01T22:29:35","date_gmt":"2024-03-01T21:29:35","guid":{"rendered":"https:\/\/gajostest.a2hosted.com\/eshop\/peltor-sluch-h540a-411-sv-h10a\/"},"modified":"2026-04-19T07:10:45","modified_gmt":"2026-04-19T05:10:45","slug":"peltor-sluch-h540a-411-sv-h10a","status":"publish","type":"product","link":"https:\/\/gajos.sk\/eshop\/p\/peltor-sluch-h540a-411-sv-h10a\/","title":{"rendered":"PELTOR &#8211; sluch. H540A-411-SV\/H10A"},"content":{"rendered":"","protected":false},"excerpt":{"rendered":"<p>Vysokov\u00fdkonn\u00fd \u010dierno-\u010derven\u00fd chr\u00e1ni\u010d sluchu s hlavov\u00fdm obl\u00fakom a penou plnen\u00fdmi tesniacimi vank\u00fa\u0161ikmi, s dvojitou stenou mu\u0161l\u00ed, hmotnos\u0165 265 g, tlm\u00ed v\u00fdborne v celom rozsahu frekvenci\u00ed.<\/p>\n","protected":false},"featured_media":349674,"template":"","meta":{"_acf_changed":false,"inline_featured_image":false},"product_brand":[],"product_cat":[2489,2485,2128],"product_tag":[1275],"class_list":{"0":"post-349672","1":"product","2":"type-product","3":"status-publish","4":"has-post-thumbnail","6":"product_cat-muslove-chranice","7":"product_cat-ochrana-sluchu","8":"product_cat-ochranne-pomocky","9":"product_tag-3m","10":"pa_velkost-uni","12":"first","13":"instock","14":"taxable","15":"shipping-taxable","16":"purchasable","17":"product-type-variable"},"acf":[],"_links":{"self":[{"href":"https:\/\/gajos.sk\/eshop\/wp-json\/wp\/v2\/product\/349672","targetHints":{"allow":["GET"]}}],"collection":[{"href":"https:\/\/gajos.sk\/eshop\/wp-json\/wp\/v2\/product"}],"about":[{"href":"https:\/\/gajos.sk\/eshop\/wp-json\/wp\/v2\/types\/product"}],"wp:featuredmedia":[{"embeddable":true,"href":"https:\/\/gajos.sk\/eshop\/wp-json\/wp\/v2\/media\/349674"}],"wp:attachment":[{"href":"https:\/\/gajos.sk\/eshop\/wp-json\/wp\/v2\/media?parent=349672"}],"wp:term":[{"taxonomy":"product_brand","embeddable":true,"href":"https:\/\/gajos.sk\/eshop\/wp-json\/wp\/v2\/product_brand?post=349672"},{"taxonomy":"product_cat","embeddable":true,"href":"https:\/\/gajos.sk\/eshop\/wp-json\/wp\/v2\/product_cat?post=349672"},{"taxonomy":"product_tag","embeddable":true,"href":"https:\/\/gajos.sk\/eshop\/wp-json\/wp\/v2\/product_tag?post=349672"}],"curies":[{"name":"wp","href":"https:\/\/api.w.org\/{rel}","templated":true}]}}