{"id":349655,"date":"2024-03-01T22:29:20","date_gmt":"2024-03-01T21:29:20","guid":{"rendered":"https:\/\/gajostest.a2hosted.com\/eshop\/13e-cc-zatky-so-snurkou\/"},"modified":"2026-04-30T22:07:02","modified_gmt":"2026-04-30T20:07:02","slug":"13e-cc-zatky-so-snurkou","status":"publish","type":"product","link":"https:\/\/gajos.sk\/eshop\/p\/13e-cc-zatky-so-snurkou\/","title":{"rendered":"13E CC z\u00e1tky so \u0161n\u00farkou"},"content":{"rendered":"","protected":false},"excerpt":{"rendered":"<p>Jednor\u00e1zov\u00e9 z\u00e1tkov\u00e9 chr\u00e1ni\u010de sluchu z m\u011bkk\u00e9 PU p\u011bny s ergonomick\u00fdm designem pro sna\u017e\u0161\u00ed zav\u00e1d\u011bn\u00ed do zvukovodu a dokonal\u00e9 p\u0159ilnut\u00ed k jeho st\u011bn\u00e1m pro vysok\u00fd komfort pou\u017eit\u00ed. EN 352-2.<\/p>\n","protected":false},"featured_media":349657,"template":"","meta":{"_acf_changed":false,"inline_featured_image":false},"product_brand":[],"product_cat":[2486,2485,2128],"product_tag":[2488],"class_list":{"0":"post-349655","1":"product","2":"type-product","3":"status-publish","4":"has-post-thumbnail","6":"product_cat-zatkove-chranice","7":"product_cat-ochrana-sluchu","8":"product_cat-ochranne-pomocky","9":"product_tag-climax","10":"pa_velkost-uni","12":"first","13":"instock","14":"taxable","15":"shipping-taxable","16":"product-type-variable"},"acf":[],"_links":{"self":[{"href":"https:\/\/gajos.sk\/eshop\/wp-json\/wp\/v2\/product\/349655","targetHints":{"allow":["GET"]}}],"collection":[{"href":"https:\/\/gajos.sk\/eshop\/wp-json\/wp\/v2\/product"}],"about":[{"href":"https:\/\/gajos.sk\/eshop\/wp-json\/wp\/v2\/types\/product"}],"wp:featuredmedia":[{"embeddable":true,"href":"https:\/\/gajos.sk\/eshop\/wp-json\/wp\/v2\/media\/349657"}],"wp:attachment":[{"href":"https:\/\/gajos.sk\/eshop\/wp-json\/wp\/v2\/media?parent=349655"}],"wp:term":[{"taxonomy":"product_brand","embeddable":true,"href":"https:\/\/gajos.sk\/eshop\/wp-json\/wp\/v2\/product_brand?post=349655"},{"taxonomy":"product_cat","embeddable":true,"href":"https:\/\/gajos.sk\/eshop\/wp-json\/wp\/v2\/product_cat?post=349655"},{"taxonomy":"product_tag","embeddable":true,"href":"https:\/\/gajos.sk\/eshop\/wp-json\/wp\/v2\/product_tag?post=349655"}],"curies":[{"name":"wp","href":"https:\/\/api.w.org\/{rel}","templated":true}]}}