{"id":349591,"date":"2024-03-01T22:27:51","date_gmt":"2024-03-01T21:27:51","guid":{"rendered":"https:\/\/gajostest.a2hosted.com\/eshop\/e-a-r-classic-nahradna-napln-box500-par\/"},"modified":"2026-04-19T07:10:45","modified_gmt":"2026-04-19T05:10:45","slug":"e-a-r-classic-nahradna-napln-box500-par","status":"publish","type":"product","link":"https:\/\/gajos.sk\/eshop\/p\/e-a-r-classic-nahradna-napln-box500-par\/","title":{"rendered":"E.A.R  CLASSIC n\u00e1hradn\u00e1 n\u00e1pl\u0148 box500 p\u00e1r"},"content":{"rendered":"","protected":false},"excerpt":{"rendered":"","protected":false},"featured_media":0,"template":"","meta":{"_acf_changed":false,"inline_featured_image":false},"product_brand":[],"product_cat":[2486,2485,2128],"product_tag":[1275],"class_list":{"0":"post-349591","1":"product","2":"type-product","3":"status-publish","5":"product_cat-zatkove-chranice","6":"product_cat-ochrana-sluchu","7":"product_cat-ochranne-pomocky","8":"product_tag-3m","9":"pa_velkost-uni","11":"first","12":"instock","13":"taxable","14":"shipping-taxable","15":"purchasable","16":"product-type-variable"},"acf":[],"_links":{"self":[{"href":"https:\/\/gajos.sk\/eshop\/wp-json\/wp\/v2\/product\/349591","targetHints":{"allow":["GET"]}}],"collection":[{"href":"https:\/\/gajos.sk\/eshop\/wp-json\/wp\/v2\/product"}],"about":[{"href":"https:\/\/gajos.sk\/eshop\/wp-json\/wp\/v2\/types\/product"}],"wp:attachment":[{"href":"https:\/\/gajos.sk\/eshop\/wp-json\/wp\/v2\/media?parent=349591"}],"wp:term":[{"taxonomy":"product_brand","embeddable":true,"href":"https:\/\/gajos.sk\/eshop\/wp-json\/wp\/v2\/product_brand?post=349591"},{"taxonomy":"product_cat","embeddable":true,"href":"https:\/\/gajos.sk\/eshop\/wp-json\/wp\/v2\/product_cat?post=349591"},{"taxonomy":"product_tag","embeddable":true,"href":"https:\/\/gajos.sk\/eshop\/wp-json\/wp\/v2\/product_tag?post=349591"}],"curies":[{"name":"wp","href":"https:\/\/api.w.org\/{rel}","templated":true}]}}