{"id":349568,"date":"2024-03-01T22:27:32","date_gmt":"2024-03-01T21:27:32","guid":{"rendered":"https:\/\/gajostest.a2hosted.com\/eshop\/peltor-tri-flange-zatky-s3lam-plet-vlakn\/"},"modified":"2026-04-19T07:10:45","modified_gmt":"2026-04-19T05:10:45","slug":"peltor-tri-flange-zatky-s3lam-plet-vlakn","status":"publish","type":"product","link":"https:\/\/gajos.sk\/eshop\/p\/peltor-tri-flange-zatky-s3lam-plet-vlakn\/","title":{"rendered":"PELTOR TRI FLANGE z\u00e1tky s3lam\/plet.vl\u00e1kn"},"content":{"rendered":"","protected":false},"excerpt":{"rendered":"<p>Z\u00e1tky s tromi jemn\u00fdmi lamelami, zav\u00e1dzacou rukov\u00e4\u0165ou a so spojovac\u00edm vl\u00e1knom, um\u00fdvate\u013en\u00e9.<\/p>\n","protected":false},"featured_media":349570,"template":"","meta":{"_acf_changed":false,"inline_featured_image":false},"product_brand":[],"product_cat":[2486,2485,2128],"product_tag":[1275],"class_list":{"0":"post-349568","1":"product","2":"type-product","3":"status-publish","4":"has-post-thumbnail","6":"product_cat-zatkove-chranice","7":"product_cat-ochrana-sluchu","8":"product_cat-ochranne-pomocky","9":"product_tag-3m","10":"pa_velkost-uni","12":"first","13":"instock","14":"taxable","15":"shipping-taxable","16":"purchasable","17":"product-type-variable"},"acf":[],"_links":{"self":[{"href":"https:\/\/gajos.sk\/eshop\/wp-json\/wp\/v2\/product\/349568","targetHints":{"allow":["GET"]}}],"collection":[{"href":"https:\/\/gajos.sk\/eshop\/wp-json\/wp\/v2\/product"}],"about":[{"href":"https:\/\/gajos.sk\/eshop\/wp-json\/wp\/v2\/types\/product"}],"wp:featuredmedia":[{"embeddable":true,"href":"https:\/\/gajos.sk\/eshop\/wp-json\/wp\/v2\/media\/349570"}],"wp:attachment":[{"href":"https:\/\/gajos.sk\/eshop\/wp-json\/wp\/v2\/media?parent=349568"}],"wp:term":[{"taxonomy":"product_brand","embeddable":true,"href":"https:\/\/gajos.sk\/eshop\/wp-json\/wp\/v2\/product_brand?post=349568"},{"taxonomy":"product_cat","embeddable":true,"href":"https:\/\/gajos.sk\/eshop\/wp-json\/wp\/v2\/product_cat?post=349568"},{"taxonomy":"product_tag","embeddable":true,"href":"https:\/\/gajos.sk\/eshop\/wp-json\/wp\/v2\/product_tag?post=349568"}],"curies":[{"name":"wp","href":"https:\/\/api.w.org\/{rel}","templated":true}]}}