{"id":349562,"date":"2024-03-01T22:27:32","date_gmt":"2024-03-01T21:27:32","guid":{"rendered":"https:\/\/gajostest.a2hosted.com\/eshop\/e-a-r-ultrafit-corded-s-lankom\/"},"modified":"2026-04-19T07:10:45","modified_gmt":"2026-04-19T05:10:45","slug":"e-a-r-ultrafit-corded-s-lankom","status":"publish","type":"product","link":"https:\/\/gajos.sk\/eshop\/p\/e-a-r-ultrafit-corded-s-lankom\/","title":{"rendered":"E.A.R. ULTRAFIT CORDED s lankom"},"content":{"rendered":"","protected":false},"excerpt":{"rendered":"<p>Tvarovan\u00e9 um\u00fdvate\u013en\u00e9 z\u00e1tkov\u00e9 chr\u00e1ni\u010de sluchu spojen\u00e9 bezpe\u010dnostn\u00fdm vinylov\u00fdm vl\u00e1knom, so zav\u00e1dzacou rukov\u00e4\u0165ou a tromi ve\u013emi jemn\u00fdmi lamelami (strom\u010dekovit\u00e9), v univerz\u00e1lnej ve\u013ekosti.<\/p>\n","protected":false},"featured_media":349564,"template":"","meta":{"_acf_changed":false,"inline_featured_image":false},"product_brand":[],"product_cat":[2486,2485,2128],"product_tag":[1275],"class_list":{"0":"post-349562","1":"product","2":"type-product","3":"status-publish","4":"has-post-thumbnail","6":"product_cat-zatkove-chranice","7":"product_cat-ochrana-sluchu","8":"product_cat-ochranne-pomocky","9":"product_tag-3m","10":"pa_velkost-uni","12":"first","13":"instock","14":"taxable","15":"shipping-taxable","16":"purchasable","17":"product-type-variable"},"acf":[],"_links":{"self":[{"href":"https:\/\/gajos.sk\/eshop\/wp-json\/wp\/v2\/product\/349562","targetHints":{"allow":["GET"]}}],"collection":[{"href":"https:\/\/gajos.sk\/eshop\/wp-json\/wp\/v2\/product"}],"about":[{"href":"https:\/\/gajos.sk\/eshop\/wp-json\/wp\/v2\/types\/product"}],"wp:featuredmedia":[{"embeddable":true,"href":"https:\/\/gajos.sk\/eshop\/wp-json\/wp\/v2\/media\/349564"}],"wp:attachment":[{"href":"https:\/\/gajos.sk\/eshop\/wp-json\/wp\/v2\/media?parent=349562"}],"wp:term":[{"taxonomy":"product_brand","embeddable":true,"href":"https:\/\/gajos.sk\/eshop\/wp-json\/wp\/v2\/product_brand?post=349562"},{"taxonomy":"product_cat","embeddable":true,"href":"https:\/\/gajos.sk\/eshop\/wp-json\/wp\/v2\/product_cat?post=349562"},{"taxonomy":"product_tag","embeddable":true,"href":"https:\/\/gajos.sk\/eshop\/wp-json\/wp\/v2\/product_tag?post=349562"}],"curies":[{"name":"wp","href":"https:\/\/api.w.org\/{rel}","templated":true}]}}