{"id":349538,"date":"2024-03-01T22:27:14","date_gmt":"2024-03-01T21:27:14","guid":{"rendered":"https:\/\/gajostest.a2hosted.com\/eshop\/e-a-r-classic\/"},"modified":"2026-04-19T07:10:45","modified_gmt":"2026-04-19T05:10:45","slug":"e-a-r-classic","status":"publish","type":"product","link":"https:\/\/gajos.sk\/eshop\/p\/e-a-r-classic\/","title":{"rendered":"E.A.R. Classic"},"content":{"rendered":"","protected":false},"excerpt":{"rendered":"<p>Jednorazov\u00e9 tvarovate\u013en\u00e9 um\u00fdvate\u013en\u00e9 z\u00e1tkov\u00e9 chr\u00e1ni\u010de sluchu zo \u0161peci\u00e1lnej PVC peny, nedr\u00e1\u017edia poko\u017eku, tvarov\u00e1 pam\u00e4\u0165 umo\u017e\u0148uje postupn\u00e9 a dokonal\u00e9 pri\u013enutie k stene zvukovodu, jednoduch\u00e9 a pohodln\u00e9 pou\u017eitie.<\/p>\n","protected":false},"featured_media":349540,"template":"","meta":{"_acf_changed":false,"inline_featured_image":false},"product_brand":[],"product_cat":[2486,2485,2128],"product_tag":[1275],"class_list":{"0":"post-349538","1":"product","2":"type-product","3":"status-publish","4":"has-post-thumbnail","6":"product_cat-zatkove-chranice","7":"product_cat-ochrana-sluchu","8":"product_cat-ochranne-pomocky","9":"product_tag-3m","10":"pa_velkost-uni","12":"first","13":"instock","14":"taxable","15":"shipping-taxable","16":"purchasable","17":"product-type-variable"},"acf":[],"_links":{"self":[{"href":"https:\/\/gajos.sk\/eshop\/wp-json\/wp\/v2\/product\/349538","targetHints":{"allow":["GET"]}}],"collection":[{"href":"https:\/\/gajos.sk\/eshop\/wp-json\/wp\/v2\/product"}],"about":[{"href":"https:\/\/gajos.sk\/eshop\/wp-json\/wp\/v2\/types\/product"}],"wp:featuredmedia":[{"embeddable":true,"href":"https:\/\/gajos.sk\/eshop\/wp-json\/wp\/v2\/media\/349540"}],"wp:attachment":[{"href":"https:\/\/gajos.sk\/eshop\/wp-json\/wp\/v2\/media?parent=349538"}],"wp:term":[{"taxonomy":"product_brand","embeddable":true,"href":"https:\/\/gajos.sk\/eshop\/wp-json\/wp\/v2\/product_brand?post=349538"},{"taxonomy":"product_cat","embeddable":true,"href":"https:\/\/gajos.sk\/eshop\/wp-json\/wp\/v2\/product_cat?post=349538"},{"taxonomy":"product_tag","embeddable":true,"href":"https:\/\/gajos.sk\/eshop\/wp-json\/wp\/v2\/product_tag?post=349538"}],"curies":[{"name":"wp","href":"https:\/\/api.w.org\/{rel}","templated":true}]}}