{"id":349535,"date":"2024-03-01T22:27:14","date_gmt":"2024-03-01T21:27:14","guid":{"rendered":"https:\/\/gajostest.a2hosted.com\/eshop\/3m-1311-nahr-zatky-k-1310\/"},"modified":"2026-04-15T21:58:37","modified_gmt":"2026-04-15T19:58:37","slug":"3m-1311-nahr-zatky-k-1310","status":"publish","type":"product","link":"https:\/\/gajos.sk\/eshop\/p\/3m-1311-nahr-zatky-k-1310\/","title":{"rendered":"3M 1311 n\u00e1hr.z\u00e1tky k 1310"},"content":{"rendered":"","protected":false},"excerpt":{"rendered":"<p>Vymenite\u013en\u00e9 z\u00e1tky.<\/p>\n","protected":false},"featured_media":349537,"template":"","meta":{"_acf_changed":false,"inline_featured_image":false},"product_brand":[],"product_cat":[2486,2485,2128],"product_tag":[1275],"class_list":{"0":"post-349535","1":"product","2":"type-product","3":"status-publish","4":"has-post-thumbnail","6":"product_cat-zatkove-chranice","7":"product_cat-ochrana-sluchu","8":"product_cat-ochranne-pomocky","9":"product_tag-3m","10":"pa_velkost-uni","12":"first","13":"instock","14":"taxable","15":"shipping-taxable","16":"purchasable","17":"product-type-variable"},"acf":[],"_links":{"self":[{"href":"https:\/\/gajos.sk\/eshop\/wp-json\/wp\/v2\/product\/349535","targetHints":{"allow":["GET"]}}],"collection":[{"href":"https:\/\/gajos.sk\/eshop\/wp-json\/wp\/v2\/product"}],"about":[{"href":"https:\/\/gajos.sk\/eshop\/wp-json\/wp\/v2\/types\/product"}],"wp:featuredmedia":[{"embeddable":true,"href":"https:\/\/gajos.sk\/eshop\/wp-json\/wp\/v2\/media\/349537"}],"wp:attachment":[{"href":"https:\/\/gajos.sk\/eshop\/wp-json\/wp\/v2\/media?parent=349535"}],"wp:term":[{"taxonomy":"product_brand","embeddable":true,"href":"https:\/\/gajos.sk\/eshop\/wp-json\/wp\/v2\/product_brand?post=349535"},{"taxonomy":"product_cat","embeddable":true,"href":"https:\/\/gajos.sk\/eshop\/wp-json\/wp\/v2\/product_cat?post=349535"},{"taxonomy":"product_tag","embeddable":true,"href":"https:\/\/gajos.sk\/eshop\/wp-json\/wp\/v2\/product_tag?post=349535"}],"curies":[{"name":"wp","href":"https:\/\/api.w.org\/{rel}","templated":true}]}}