{"id":349523,"date":"2024-03-01T22:27:03","date_gmt":"2024-03-01T21:27:03","guid":{"rendered":"https:\/\/gajostest.a2hosted.com\/eshop\/3m-1110-zatky-so-snurkou\/"},"modified":"2026-04-30T22:07:01","modified_gmt":"2026-04-30T20:07:01","slug":"3m-1110-zatky-so-snurkou","status":"publish","type":"product","link":"https:\/\/gajos.sk\/eshop\/p\/3m-1110-zatky-so-snurkou\/","title":{"rendered":"3M 1110 z\u00e1tky so \u0161n\u00farkou"},"content":{"rendered":"","protected":false},"excerpt":{"rendered":"<p>Z\u00e1tkov\u00fd chr\u00e1ni\u010d so \u0161n\u00farkou.<\/p>\n","protected":false},"featured_media":349525,"template":"","meta":{"_acf_changed":false,"inline_featured_image":false},"product_brand":[],"product_cat":[2486,2485,2128],"product_tag":[1275],"class_list":{"0":"post-349523","1":"product","2":"type-product","3":"status-publish","4":"has-post-thumbnail","6":"product_cat-zatkove-chranice","7":"product_cat-ochrana-sluchu","8":"product_cat-ochranne-pomocky","9":"product_tag-3m","10":"pa_velkost-uni","12":"first","13":"instock","14":"taxable","15":"shipping-taxable","16":"purchasable","17":"product-type-variable"},"acf":[],"_links":{"self":[{"href":"https:\/\/gajos.sk\/eshop\/wp-json\/wp\/v2\/product\/349523","targetHints":{"allow":["GET"]}}],"collection":[{"href":"https:\/\/gajos.sk\/eshop\/wp-json\/wp\/v2\/product"}],"about":[{"href":"https:\/\/gajos.sk\/eshop\/wp-json\/wp\/v2\/types\/product"}],"wp:featuredmedia":[{"embeddable":true,"href":"https:\/\/gajos.sk\/eshop\/wp-json\/wp\/v2\/media\/349525"}],"wp:attachment":[{"href":"https:\/\/gajos.sk\/eshop\/wp-json\/wp\/v2\/media?parent=349523"}],"wp:term":[{"taxonomy":"product_brand","embeddable":true,"href":"https:\/\/gajos.sk\/eshop\/wp-json\/wp\/v2\/product_brand?post=349523"},{"taxonomy":"product_cat","embeddable":true,"href":"https:\/\/gajos.sk\/eshop\/wp-json\/wp\/v2\/product_cat?post=349523"},{"taxonomy":"product_tag","embeddable":true,"href":"https:\/\/gajos.sk\/eshop\/wp-json\/wp\/v2\/product_tag?post=349523"}],"curies":[{"name":"wp","href":"https:\/\/api.w.org\/{rel}","templated":true}]}}