{"id":349520,"date":"2024-03-01T22:27:03","date_gmt":"2024-03-01T21:27:03","guid":{"rendered":"https:\/\/gajostest.a2hosted.com\/eshop\/3m-1100r-nahr-napln-zatok-500par\/"},"modified":"2026-04-19T07:10:45","modified_gmt":"2026-04-19T05:10:45","slug":"3m-1100r-nahr-napln-zatok-500par","status":"publish","type":"product","link":"https:\/\/gajos.sk\/eshop\/p\/3m-1100r-nahr-napln-zatok-500par\/","title":{"rendered":"3M 1100R n\u00e1hr.n\u00e1pl\u0148 z\u00e1tok , 500p\u00e1r"},"content":{"rendered":"","protected":false},"excerpt":{"rendered":"","protected":false},"featured_media":349522,"template":"","meta":{"_acf_changed":false,"inline_featured_image":false},"product_brand":[],"product_cat":[2486,2485,2128],"product_tag":[1275],"class_list":{"0":"post-349520","1":"product","2":"type-product","3":"status-publish","4":"has-post-thumbnail","6":"product_cat-zatkove-chranice","7":"product_cat-ochrana-sluchu","8":"product_cat-ochranne-pomocky","9":"product_tag-3m","10":"pa_velkost-uni","12":"first","13":"instock","14":"taxable","15":"shipping-taxable","16":"purchasable","17":"product-type-variable"},"acf":[],"_links":{"self":[{"href":"https:\/\/gajos.sk\/eshop\/wp-json\/wp\/v2\/product\/349520","targetHints":{"allow":["GET"]}}],"collection":[{"href":"https:\/\/gajos.sk\/eshop\/wp-json\/wp\/v2\/product"}],"about":[{"href":"https:\/\/gajos.sk\/eshop\/wp-json\/wp\/v2\/types\/product"}],"wp:featuredmedia":[{"embeddable":true,"href":"https:\/\/gajos.sk\/eshop\/wp-json\/wp\/v2\/media\/349522"}],"wp:attachment":[{"href":"https:\/\/gajos.sk\/eshop\/wp-json\/wp\/v2\/media?parent=349520"}],"wp:term":[{"taxonomy":"product_brand","embeddable":true,"href":"https:\/\/gajos.sk\/eshop\/wp-json\/wp\/v2\/product_brand?post=349520"},{"taxonomy":"product_cat","embeddable":true,"href":"https:\/\/gajos.sk\/eshop\/wp-json\/wp\/v2\/product_cat?post=349520"},{"taxonomy":"product_tag","embeddable":true,"href":"https:\/\/gajos.sk\/eshop\/wp-json\/wp\/v2\/product_tag?post=349520"}],"curies":[{"name":"wp","href":"https:\/\/api.w.org\/{rel}","templated":true}]}}