{"id":349517,"date":"2024-03-01T22:27:03","date_gmt":"2024-03-01T21:27:03","guid":{"rendered":"https:\/\/gajostest.a2hosted.com\/eshop\/3m-1100-zatky\/"},"modified":"2026-04-22T21:58:54","modified_gmt":"2026-04-22T19:58:54","slug":"3m-1100-zatky","status":"publish","type":"product","link":"https:\/\/gajos.sk\/eshop\/p\/3m-1100-zatky\/","title":{"rendered":"3M 1100 z\u00e1tky"},"content":{"rendered":"","protected":false},"excerpt":{"rendered":"<p>Jednorazov\u00e9 tvarovate\u013en\u00e9 pohodln\u00e9 penov\u00e9 z\u00e1tkov\u00e9 chr\u00e1ni\u010de sluchu z m\u00e4kkej hypoalerg\u00e9nnej polyuret\u00e1novej peny s hladk\u00fdm povrchom, ku\u017ee\u013eovit\u00e9 vyhotovenie vhodn\u00e9 pre v\u00e4\u010d\u0161inu zvukovodov, odoln\u00e9 proti zne\u010disteniu.<\/p>\n","protected":false},"featured_media":349519,"template":"","meta":{"_acf_changed":false,"inline_featured_image":false},"product_brand":[],"product_cat":[2486,2485,2128],"product_tag":[1275],"class_list":{"0":"post-349517","1":"product","2":"type-product","3":"status-publish","4":"has-post-thumbnail","6":"product_cat-zatkove-chranice","7":"product_cat-ochrana-sluchu","8":"product_cat-ochranne-pomocky","9":"product_tag-3m","10":"pa_velkost-uni","12":"first","13":"instock","14":"taxable","15":"shipping-taxable","16":"purchasable","17":"product-type-variable"},"acf":[],"_links":{"self":[{"href":"https:\/\/gajos.sk\/eshop\/wp-json\/wp\/v2\/product\/349517","targetHints":{"allow":["GET"]}}],"collection":[{"href":"https:\/\/gajos.sk\/eshop\/wp-json\/wp\/v2\/product"}],"about":[{"href":"https:\/\/gajos.sk\/eshop\/wp-json\/wp\/v2\/types\/product"}],"wp:featuredmedia":[{"embeddable":true,"href":"https:\/\/gajos.sk\/eshop\/wp-json\/wp\/v2\/media\/349519"}],"wp:attachment":[{"href":"https:\/\/gajos.sk\/eshop\/wp-json\/wp\/v2\/media?parent=349517"}],"wp:term":[{"taxonomy":"product_brand","embeddable":true,"href":"https:\/\/gajos.sk\/eshop\/wp-json\/wp\/v2\/product_brand?post=349517"},{"taxonomy":"product_cat","embeddable":true,"href":"https:\/\/gajos.sk\/eshop\/wp-json\/wp\/v2\/product_cat?post=349517"},{"taxonomy":"product_tag","embeddable":true,"href":"https:\/\/gajos.sk\/eshop\/wp-json\/wp\/v2\/product_tag?post=349517"}],"curies":[{"name":"wp","href":"https:\/\/api.w.org\/{rel}","templated":true}]}}