{"id":349514,"date":"2024-03-01T22:27:03","date_gmt":"2024-03-01T21:27:03","guid":{"rendered":"https:\/\/gajostest.a2hosted.com\/eshop\/ansell-alphatec-glove-connector-070\/"},"modified":"2026-04-23T21:58:56","modified_gmt":"2026-04-23T19:58:56","slug":"ansell-alphatec-glove-connector-070","status":"publish","type":"product","link":"https:\/\/gajos.sk\/eshop\/p\/ansell-alphatec-glove-connector-070\/","title":{"rendered":"Ansell AlphaTec Glove Connector 070"},"content":{"rendered":"","protected":false},"excerpt":{"rendered":"<p>Jednoduch\u00e9 a efekt\u00edvne prepojenie chemick\u00fdch rukav\u00edc a ochrann\u00e9ho overalu. Inovativne design vyu\u017e\u00edvaj\u00face najnov\u0161ie technol\u00f3gie polymerov; vytvor\u00ed perfektn\u00e9 utesnenie odoln\u00e9 kapalin\u00e1m medzi rukavicou a man\u017eetou overalu; konzistentn\u00e1 a odoln\u00e1 alternat\u00edva k p\u00e1skam; r\u00fdchle spojenie a jednoduch\u00e1 in\u0161tal\u00e1cia \u2013 zvy\u0161uj\u00fa produktivitu; kompatibiln\u00e9 s mno\u017estvom typov chemick\u00fdch rukav\u00edc a s r\u00f4znymi hr\u00fabkami rukav\u00edc<\/p>\n","protected":false},"featured_media":349516,"template":"","meta":{"_acf_changed":false,"inline_featured_image":false},"product_brand":[],"product_cat":[2124,2484],"product_tag":[1219],"class_list":{"0":"post-349514","1":"product","2":"type-product","3":"status-publish","4":"has-post-thumbnail","6":"product_cat-rukavice","7":"product_cat-prislusenstvo-rukavice","8":"product_tag-ansell","9":"pa_velkost-uni","11":"first","12":"outofstock","13":"taxable","14":"shipping-taxable","15":"product-type-variable"},"acf":[],"_links":{"self":[{"href":"https:\/\/gajos.sk\/eshop\/wp-json\/wp\/v2\/product\/349514","targetHints":{"allow":["GET"]}}],"collection":[{"href":"https:\/\/gajos.sk\/eshop\/wp-json\/wp\/v2\/product"}],"about":[{"href":"https:\/\/gajos.sk\/eshop\/wp-json\/wp\/v2\/types\/product"}],"wp:featuredmedia":[{"embeddable":true,"href":"https:\/\/gajos.sk\/eshop\/wp-json\/wp\/v2\/media\/349516"}],"wp:attachment":[{"href":"https:\/\/gajos.sk\/eshop\/wp-json\/wp\/v2\/media?parent=349514"}],"wp:term":[{"taxonomy":"product_brand","embeddable":true,"href":"https:\/\/gajos.sk\/eshop\/wp-json\/wp\/v2\/product_brand?post=349514"},{"taxonomy":"product_cat","embeddable":true,"href":"https:\/\/gajos.sk\/eshop\/wp-json\/wp\/v2\/product_cat?post=349514"},{"taxonomy":"product_tag","embeddable":true,"href":"https:\/\/gajos.sk\/eshop\/wp-json\/wp\/v2\/product_tag?post=349514"}],"curies":[{"name":"wp","href":"https:\/\/api.w.org\/{rel}","templated":true}]}}