{"id":349508,"date":"2024-03-01T22:25:59","date_gmt":"2024-03-01T21:25:59","guid":{"rendered":"https:\/\/gajostest.a2hosted.com\/eshop\/vapini-jednorazova-ciapka-100ks-bal\/"},"modified":"2026-05-07T21:52:27","modified_gmt":"2026-05-07T19:52:27","slug":"vapini-jednorazova-ciapka-100ks-bal","status":"publish","type":"product","link":"https:\/\/gajos.sk\/eshop\/p\/vapini-jednorazova-ciapka-100ks-bal\/","title":{"rendered":"VAPINI jednor\u00e1zov\u00e1 \u010diapka 100ks\/bal"},"content":{"rendered":"","protected":false},"excerpt":{"rendered":"<p>Disposable protective cap 10 g weighted.<\/p>\n","protected":false},"featured_media":349510,"template":"","meta":{"_acf_changed":false,"inline_featured_image":false},"product_brand":[],"product_cat":[2175],"product_tag":[1179],"class_list":{"0":"post-349508","1":"product","2":"type-product","3":"status-publish","4":"has-post-thumbnail","6":"product_cat-produkty","7":"product_tag-cerva","8":"pa_farba-biela","10":"first","11":"instock","12":"taxable","13":"shipping-taxable","14":"purchasable","15":"product-type-variable"},"acf":[],"_links":{"self":[{"href":"https:\/\/gajos.sk\/eshop\/wp-json\/wp\/v2\/product\/349508","targetHints":{"allow":["GET"]}}],"collection":[{"href":"https:\/\/gajos.sk\/eshop\/wp-json\/wp\/v2\/product"}],"about":[{"href":"https:\/\/gajos.sk\/eshop\/wp-json\/wp\/v2\/types\/product"}],"wp:featuredmedia":[{"embeddable":true,"href":"https:\/\/gajos.sk\/eshop\/wp-json\/wp\/v2\/media\/349510"}],"wp:attachment":[{"href":"https:\/\/gajos.sk\/eshop\/wp-json\/wp\/v2\/media?parent=349508"}],"wp:term":[{"taxonomy":"product_brand","embeddable":true,"href":"https:\/\/gajos.sk\/eshop\/wp-json\/wp\/v2\/product_brand?post=349508"},{"taxonomy":"product_cat","embeddable":true,"href":"https:\/\/gajos.sk\/eshop\/wp-json\/wp\/v2\/product_cat?post=349508"},{"taxonomy":"product_tag","embeddable":true,"href":"https:\/\/gajos.sk\/eshop\/wp-json\/wp\/v2\/product_tag?post=349508"}],"curies":[{"name":"wp","href":"https:\/\/api.w.org\/{rel}","templated":true}]}}