{"id":349442,"date":"2024-03-01T22:25:37","date_gmt":"2024-03-01T21:25:37","guid":{"rendered":"https:\/\/gajostest.a2hosted.com\/eshop\/taurus-sortky\/"},"modified":"2026-05-07T21:52:27","modified_gmt":"2026-05-07T19:52:27","slug":"taurus-sortky","status":"publish","type":"product","link":"https:\/\/gajos.sk\/eshop\/p\/taurus-sortky\/","title":{"rendered":"TAURUS \u0161ortky"},"content":{"rendered":"","protected":false},"excerpt":{"rendered":"<p>modern\u00e9 p\u00e1nske \u0161ortky s elastick\u00fdm p\u00e1som; stre\u010dov\u00e9 vlo\u017eenie v p\u00e1se zadn\u00e9ho dielu a rozkroku; 2 vkladan\u00e9 bo\u010dn\u00e9 vreck\u00e1; 2 stehenn\u00e9 vreck\u00e1 s chlop\u0148ou a zap\u00ednan\u00edm na cvoky; 2 zadn\u00e9 vreck\u00e1; 2 kovov\u00e9 &#8222;D&#8220; kr\u00fa\u017eky v p\u00e1se; reflexn\u00e9 paspulky pre lep\u0161iu vidite\u013enos\u0165.<\/p>\n","protected":false},"featured_media":349444,"template":"","meta":{"_acf_changed":false,"inline_featured_image":false},"product_brand":[],"product_cat":[2133,2121,2126],"product_tag":[2387],"class_list":{"0":"post-349442","1":"product","2":"type-product","3":"status-publish","4":"has-post-thumbnail","6":"product_cat-sortky","7":"product_cat-odevy","8":"product_cat-nohavice-a-overaly","9":"product_tag-litz","10":"pa_farba-navy","11":"pa_farba-cierna","12":"pa_farba-siva","13":"pa_velkost-3110","14":"pa_velkost-3161","15":"pa_velkost-3112","16":"pa_velkost-3162","17":"pa_velkost-3114","18":"pa_velkost-3121","19":"pa_velkost-3123","20":"pa_velkost-3155","21":"pa_velkost-3157","22":"pa_velkost-3158","23":"pa_velkost-3159","24":"pa_velkost-3160","26":"first","27":"instock","28":"taxable","29":"shipping-taxable","30":"purchasable","31":"product-type-variable"},"acf":[],"_links":{"self":[{"href":"https:\/\/gajos.sk\/eshop\/wp-json\/wp\/v2\/product\/349442","targetHints":{"allow":["GET"]}}],"collection":[{"href":"https:\/\/gajos.sk\/eshop\/wp-json\/wp\/v2\/product"}],"about":[{"href":"https:\/\/gajos.sk\/eshop\/wp-json\/wp\/v2\/types\/product"}],"wp:featuredmedia":[{"embeddable":true,"href":"https:\/\/gajos.sk\/eshop\/wp-json\/wp\/v2\/media\/349444"}],"wp:attachment":[{"href":"https:\/\/gajos.sk\/eshop\/wp-json\/wp\/v2\/media?parent=349442"}],"wp:term":[{"taxonomy":"product_brand","embeddable":true,"href":"https:\/\/gajos.sk\/eshop\/wp-json\/wp\/v2\/product_brand?post=349442"},{"taxonomy":"product_cat","embeddable":true,"href":"https:\/\/gajos.sk\/eshop\/wp-json\/wp\/v2\/product_cat?post=349442"},{"taxonomy":"product_tag","embeddable":true,"href":"https:\/\/gajos.sk\/eshop\/wp-json\/wp\/v2\/product_tag?post=349442"}],"curies":[{"name":"wp","href":"https:\/\/api.w.org\/{rel}","templated":true}]}}