{"id":349410,"date":"2024-03-01T22:25:08","date_gmt":"2024-03-01T21:25:08","guid":{"rendered":"https:\/\/gajostest.a2hosted.com\/eshop\/sheldon-sortky\/"},"modified":"2026-05-07T21:52:27","modified_gmt":"2026-05-07T19:52:27","slug":"sheldon-sortky","status":"publish","type":"product","link":"https:\/\/gajos.sk\/eshop\/p\/sheldon-sortky\/","title":{"rendered":"SHELDON \u0161ortky"},"content":{"rendered":"","protected":false},"excerpt":{"rendered":"<p>p\u00e1nske pracovn\u00e9 \u0161ortky s pru\u017en\u00fdm p\u00e1som a multifunk\u010dn\u00fdmi vreckami; Oxford 600D zosilnenie spodn\u00fdch \u010dasti vreciek; odoln\u00e9 trojit\u00e9 pre\u0161itie nohav\u00edc a sedu; reflexn\u00e9 prvky.<\/p>\n","protected":false},"featured_media":349412,"template":"","meta":{"_acf_changed":false,"inline_featured_image":false},"product_brand":[],"product_cat":[2133,2121,2126],"product_tag":[1179],"class_list":{"0":"post-349410","1":"product","2":"type-product","3":"status-publish","4":"has-post-thumbnail","6":"product_cat-sortky","7":"product_cat-odevy","8":"product_cat-nohavice-a-overaly","9":"product_tag-cerva","10":"pa_farba-antracit-zlta","11":"pa_velkost-3174","12":"pa_velkost-3114","13":"pa_velkost-3175","14":"pa_velkost-3121","15":"pa_velkost-3123","16":"pa_velkost-3155","17":"pa_velkost-3157","18":"pa_velkost-3158","19":"pa_velkost-3159","20":"pa_velkost-3160","21":"pa_velkost-3161","22":"pa_velkost-3110","23":"pa_velkost-3162","24":"pa_velkost-3112","26":"first","27":"instock","28":"taxable","29":"shipping-taxable","30":"purchasable","31":"product-type-variable"},"acf":[],"_links":{"self":[{"href":"https:\/\/gajos.sk\/eshop\/wp-json\/wp\/v2\/product\/349410","targetHints":{"allow":["GET"]}}],"collection":[{"href":"https:\/\/gajos.sk\/eshop\/wp-json\/wp\/v2\/product"}],"about":[{"href":"https:\/\/gajos.sk\/eshop\/wp-json\/wp\/v2\/types\/product"}],"wp:featuredmedia":[{"embeddable":true,"href":"https:\/\/gajos.sk\/eshop\/wp-json\/wp\/v2\/media\/349412"}],"wp:attachment":[{"href":"https:\/\/gajos.sk\/eshop\/wp-json\/wp\/v2\/media?parent=349410"}],"wp:term":[{"taxonomy":"product_brand","embeddable":true,"href":"https:\/\/gajos.sk\/eshop\/wp-json\/wp\/v2\/product_brand?post=349410"},{"taxonomy":"product_cat","embeddable":true,"href":"https:\/\/gajos.sk\/eshop\/wp-json\/wp\/v2\/product_cat?post=349410"},{"taxonomy":"product_tag","embeddable":true,"href":"https:\/\/gajos.sk\/eshop\/wp-json\/wp\/v2\/product_tag?post=349410"}],"curies":[{"name":"wp","href":"https:\/\/api.w.org\/{rel}","templated":true}]}}