{"id":349354,"date":"2024-03-01T22:23:31","date_gmt":"2024-03-01T21:23:31","guid":{"rendered":"https:\/\/gajostest.a2hosted.com\/eshop\/max-vivo-hv-sortky\/"},"modified":"2026-05-07T21:50:23","modified_gmt":"2026-05-07T19:50:23","slug":"max-vivo-hv-sortky","status":"publish","type":"product","link":"https:\/\/gajos.sk\/eshop\/p\/max-vivo-hv-sortky\/","title":{"rendered":"MAX VIVO HV \u0161ortky"},"content":{"rendered":"","protected":false},"excerpt":{"rendered":"<p>p\u00e1nske HI-VIS pracovn\u00e9 \u0161ortky s elastick\u00fdm p\u00e1som; 2 predn\u00e9 vreck\u00e1, 2 zadn\u00e9 vreck\u00e1; dvojice tla\u010den\u00fdch 7 cm reflexn\u00fdch pruhov po obvode stehien; reflexn\u00e9 lemovky.<\/p>\n","protected":false},"featured_media":349356,"template":"","meta":{"_acf_changed":false,"inline_featured_image":false},"product_brand":[],"product_cat":[2133,2121,2126],"product_tag":[1179],"class_list":{"0":"post-349354","1":"product","2":"type-product","3":"status-publish","4":"has-post-thumbnail","6":"product_cat-sortky","7":"product_cat-odevy","8":"product_cat-nohavice-a-overaly","9":"product_tag-cerva","10":"pa_farba-zlta","11":"pa_farba-oranzova","12":"pa_velkost-3155","13":"pa_velkost-3157","14":"pa_velkost-3158","15":"pa_velkost-3159","16":"pa_velkost-3160","17":"pa_velkost-3161","18":"pa_velkost-3162","19":"pa_velkost-3110","20":"pa_velkost-3174","21":"pa_velkost-3112","22":"pa_velkost-3175","23":"pa_velkost-3121","24":"pa_velkost-3123","26":"first","27":"instock","28":"taxable","29":"shipping-taxable","30":"purchasable","31":"product-type-variable"},"acf":[],"_links":{"self":[{"href":"https:\/\/gajos.sk\/eshop\/wp-json\/wp\/v2\/product\/349354","targetHints":{"allow":["GET"]}}],"collection":[{"href":"https:\/\/gajos.sk\/eshop\/wp-json\/wp\/v2\/product"}],"about":[{"href":"https:\/\/gajos.sk\/eshop\/wp-json\/wp\/v2\/types\/product"}],"wp:featuredmedia":[{"embeddable":true,"href":"https:\/\/gajos.sk\/eshop\/wp-json\/wp\/v2\/media\/349356"}],"wp:attachment":[{"href":"https:\/\/gajos.sk\/eshop\/wp-json\/wp\/v2\/media?parent=349354"}],"wp:term":[{"taxonomy":"product_brand","embeddable":true,"href":"https:\/\/gajos.sk\/eshop\/wp-json\/wp\/v2\/product_brand?post=349354"},{"taxonomy":"product_cat","embeddable":true,"href":"https:\/\/gajos.sk\/eshop\/wp-json\/wp\/v2\/product_cat?post=349354"},{"taxonomy":"product_tag","embeddable":true,"href":"https:\/\/gajos.sk\/eshop\/wp-json\/wp\/v2\/product_tag?post=349354"}],"curies":[{"name":"wp","href":"https:\/\/api.w.org\/{rel}","templated":true}]}}