{"id":349033,"date":"2024-03-01T22:17:45","date_gmt":"2024-03-01T21:17:45","guid":{"rendered":"https:\/\/gajostest.a2hosted.com\/eshop\/neurum-cls-sortky\/"},"modified":"2026-05-07T21:50:23","modified_gmt":"2026-05-07T19:50:23","slug":"neurum-cls-sortky","status":"publish","type":"product","link":"https:\/\/gajos.sk\/eshop\/p\/neurum-cls-sortky\/","title":{"rendered":"NEURUM CLS \u0161ortky"},"content":{"rendered":"","protected":false},"excerpt":{"rendered":"<p>pracovn\u00e9 \u0161ortky, elastick\u00fd inovat\u00edvny materi\u00e1l TRIFIBETEX, slim strih, zn\u00ed\u017een\u00fd pru\u017en\u00fd p\u00e1s, odoln\u00e9 trojit\u00e9 pre\u0161itie nohav\u00edc a sedu, 2 predn\u00e9 klinov\u00e9 vreck\u00e1, 2 zadn\u00e9 vreck\u00e1 na such\u00fd zips, \u013eav\u00e9 stehenn\u00e9 multifunk\u010dn\u00e9 vrecko, prav\u00e9 stehenn\u00e9 vrecko na meter a n\u00f4\u017e, &#8222;D&#8220; kr\u00fa\u017eok, p\u00fatko na n\u00e1radie v p\u00e1se, origin\u00e1lne spracovanie zap\u00ednania nohav\u00edc, reflexn\u00e9 prvky vo farebnom odtieni. Materi\u00e1l: 62% bavlna, 35% polyester, 3% Spandex\u00ae, twill, 260 g\/m2.<\/p>\n","protected":false},"featured_media":349035,"template":"","meta":{"_acf_changed":false,"inline_featured_image":false},"product_brand":[],"product_cat":[2133,2121,2126],"product_tag":[1179],"class_list":{"0":"post-349033","1":"product","2":"type-product","3":"status-publish","4":"has-post-thumbnail","6":"product_cat-sortky","7":"product_cat-odevy","8":"product_cat-nohavice-a-overaly","9":"product_tag-cerva","10":"pa_farba-petrolejova","11":"pa_farba-navy","12":"pa_farba-tm-olivova","13":"pa_farba-antracit","14":"pa_velkost-3123","15":"pa_velkost-3155","16":"pa_velkost-3157","17":"pa_velkost-3158","18":"pa_velkost-3159","19":"pa_velkost-3160","20":"pa_velkost-3161","21":"pa_velkost-3162","22":"pa_velkost-3110","23":"pa_velkost-3121","25":"first","26":"instock","27":"taxable","28":"shipping-taxable","29":"purchasable","30":"product-type-variable"},"acf":[],"_links":{"self":[{"href":"https:\/\/gajos.sk\/eshop\/wp-json\/wp\/v2\/product\/349033","targetHints":{"allow":["GET"]}}],"collection":[{"href":"https:\/\/gajos.sk\/eshop\/wp-json\/wp\/v2\/product"}],"about":[{"href":"https:\/\/gajos.sk\/eshop\/wp-json\/wp\/v2\/types\/product"}],"wp:featuredmedia":[{"embeddable":true,"href":"https:\/\/gajos.sk\/eshop\/wp-json\/wp\/v2\/media\/349035"}],"wp:attachment":[{"href":"https:\/\/gajos.sk\/eshop\/wp-json\/wp\/v2\/media?parent=349033"}],"wp:term":[{"taxonomy":"product_brand","embeddable":true,"href":"https:\/\/gajos.sk\/eshop\/wp-json\/wp\/v2\/product_brand?post=349033"},{"taxonomy":"product_cat","embeddable":true,"href":"https:\/\/gajos.sk\/eshop\/wp-json\/wp\/v2\/product_cat?post=349033"},{"taxonomy":"product_tag","embeddable":true,"href":"https:\/\/gajos.sk\/eshop\/wp-json\/wp\/v2\/product_tag?post=349033"}],"curies":[{"name":"wp","href":"https:\/\/api.w.org\/{rel}","templated":true}]}}