{"id":348956,"date":"2024-03-01T22:17:24","date_gmt":"2024-03-01T21:17:24","guid":{"rendered":"https:\/\/gajostest.a2hosted.com\/eshop\/keilor-sortky\/"},"modified":"2026-05-07T21:50:23","modified_gmt":"2026-05-07T19:50:23","slug":"keilor-sortky","status":"publish","type":"product","link":"https:\/\/gajos.sk\/eshop\/p\/keilor-sortky\/","title":{"rendered":"KEILOR \u0161ortky"},"content":{"rendered":"","protected":false},"excerpt":{"rendered":"<p>p\u00e1nske pracovn\u00e9 \u0161ortky z elastick\u00e9ho materi\u00e1lu, 2 postrann\u00e9 vreck\u00e1, 2 multifunk\u010dn\u00e9 vreck\u00e1 na n\u00e1radie, &#8222;D&#8220; kr\u00fa\u017eok, 1 bo\u010dn\u00e9 vrecko, 1 vrecko na zips, 2 na\u0161it\u00e9 zadn\u00e9 vreck\u00e1, dekorat\u00edvne pre\u0161itie<\/p>\n","protected":false},"featured_media":348958,"template":"","meta":{"_acf_changed":false,"inline_featured_image":false},"product_brand":[],"product_cat":[2133,2121,2126],"product_tag":[1179],"class_list":{"0":"post-348956","1":"product","2":"type-product","3":"status-publish","4":"has-post-thumbnail","6":"product_cat-sortky","7":"product_cat-odevy","8":"product_cat-nohavice-a-overaly","9":"product_tag-cerva","10":"pa_farba-cervena","11":"pa_farba-cierna","12":"pa_farba-siva","13":"pa_farba-bezova","14":"pa_farba-royal-modra","15":"pa_farba-navy","16":"pa_farba-olivova","17":"pa_velkost-3155","18":"pa_velkost-3157","19":"pa_velkost-3158","20":"pa_velkost-3159","21":"pa_velkost-3160","22":"pa_velkost-3161","23":"pa_velkost-3110","24":"pa_velkost-3121","25":"pa_velkost-3123","27":"first","28":"instock","29":"taxable","30":"shipping-taxable","31":"purchasable","32":"product-type-variable"},"acf":[],"_links":{"self":[{"href":"https:\/\/gajos.sk\/eshop\/wp-json\/wp\/v2\/product\/348956","targetHints":{"allow":["GET"]}}],"collection":[{"href":"https:\/\/gajos.sk\/eshop\/wp-json\/wp\/v2\/product"}],"about":[{"href":"https:\/\/gajos.sk\/eshop\/wp-json\/wp\/v2\/types\/product"}],"wp:featuredmedia":[{"embeddable":true,"href":"https:\/\/gajos.sk\/eshop\/wp-json\/wp\/v2\/media\/348958"}],"wp:attachment":[{"href":"https:\/\/gajos.sk\/eshop\/wp-json\/wp\/v2\/media?parent=348956"}],"wp:term":[{"taxonomy":"product_brand","embeddable":true,"href":"https:\/\/gajos.sk\/eshop\/wp-json\/wp\/v2\/product_brand?post=348956"},{"taxonomy":"product_cat","embeddable":true,"href":"https:\/\/gajos.sk\/eshop\/wp-json\/wp\/v2\/product_cat?post=348956"},{"taxonomy":"product_tag","embeddable":true,"href":"https:\/\/gajos.sk\/eshop\/wp-json\/wp\/v2\/product_tag?post=348956"}],"curies":[{"name":"wp","href":"https:\/\/api.w.org\/{rel}","templated":true}]}}