{"id":348562,"date":"2024-03-01T22:13:08","date_gmt":"2024-03-01T21:13:08","guid":{"rendered":"https:\/\/gajostest.a2hosted.com\/eshop\/yarra-hv-vesta\/"},"modified":"2026-04-25T21:58:47","modified_gmt":"2026-04-25T19:58:47","slug":"yarra-hv-vesta","status":"publish","type":"product","link":"https:\/\/gajos.sk\/eshop\/p\/yarra-hv-vesta\/","title":{"rendered":"YARRA HV vesta"},"content":{"rendered":"","protected":false},"excerpt":{"rendered":"<p>HI-VIS vesta s kr\u00e1tkym ruk\u00e1vom; zap\u00ednanie na such\u00fd zips; \u0161it\u00e9 reflexn\u00e9 pruhy. Pozn\u00e1mka: pre ve\u013ekos\u0165 M plat\u00ed certifik\u00e1cia EN ISO 20471:2013+A1:2016 > Trieda 2, pre ostatn\u00e9 ve\u013ekosti Trieda 3<\/p>\n","protected":false},"featured_media":348564,"template":"","meta":{"_acf_changed":false,"inline_featured_image":false},"product_brand":[],"product_cat":[2160,2161,2121],"product_tag":[1179],"class_list":{"0":"post-348562","1":"product","2":"type-product","3":"status-publish","4":"has-post-thumbnail","6":"product_cat-mikiny-svetre-vesty","7":"product_cat-vesty","8":"product_cat-odevy","9":"product_tag-cerva","10":"pa_farba-hv-oranzova","11":"pa_farba-hv-zlta","12":"pa_velkost-xl","13":"pa_velkost-l","14":"pa_velkost-m","15":"pa_velkost-3xl","16":"pa_velkost-xxl","18":"first","19":"instock","20":"taxable","21":"shipping-taxable","22":"purchasable","23":"product-type-variable"},"acf":[],"_links":{"self":[{"href":"https:\/\/gajos.sk\/eshop\/wp-json\/wp\/v2\/product\/348562","targetHints":{"allow":["GET"]}}],"collection":[{"href":"https:\/\/gajos.sk\/eshop\/wp-json\/wp\/v2\/product"}],"about":[{"href":"https:\/\/gajos.sk\/eshop\/wp-json\/wp\/v2\/types\/product"}],"wp:featuredmedia":[{"embeddable":true,"href":"https:\/\/gajos.sk\/eshop\/wp-json\/wp\/v2\/media\/348564"}],"wp:attachment":[{"href":"https:\/\/gajos.sk\/eshop\/wp-json\/wp\/v2\/media?parent=348562"}],"wp:term":[{"taxonomy":"product_brand","embeddable":true,"href":"https:\/\/gajos.sk\/eshop\/wp-json\/wp\/v2\/product_brand?post=348562"},{"taxonomy":"product_cat","embeddable":true,"href":"https:\/\/gajos.sk\/eshop\/wp-json\/wp\/v2\/product_cat?post=348562"},{"taxonomy":"product_tag","embeddable":true,"href":"https:\/\/gajos.sk\/eshop\/wp-json\/wp\/v2\/product_tag?post=348562"}],"curies":[{"name":"wp","href":"https:\/\/api.w.org\/{rel}","templated":true}]}}