{"id":348538,"date":"2024-03-01T22:11:51","date_gmt":"2024-03-01T21:11:51","guid":{"rendered":"https:\/\/gajostest.a2hosted.com\/eshop\/anta-hv-vesta\/"},"modified":"2026-04-15T21:54:48","modified_gmt":"2026-04-15T19:54:48","slug":"anta-hv-vesta","status":"publish","type":"product","link":"https:\/\/gajos.sk\/eshop\/p\/anta-hv-vesta\/","title":{"rendered":"ANTA HV vesta"},"content":{"rendered":"","protected":false},"excerpt":{"rendered":"<p>HI-VIS vesta so zap\u00ednan\u00edm na zips; 1 n\u00e1prsn\u00e9 vrecko s chlop\u0148ou, 2 bo\u010dn\u00e9 vreck\u00e1 s chlop\u0148ami; 1 n\u00e1prsn\u00e9 vrecko na ID kartu; bo\u010dn\u00e9 nastavenie obvodu v p\u00e1se pomocou cvokov.<\/p>\n","protected":false},"featured_media":348540,"template":"","meta":{"_acf_changed":false,"inline_featured_image":false},"product_brand":[],"product_cat":[2160,2161,2121],"product_tag":[1238],"class_list":{"0":"post-348538","1":"product","2":"type-product","3":"status-publish","4":"has-post-thumbnail","6":"product_cat-mikiny-svetre-vesty","7":"product_cat-vesty","8":"product_cat-odevy","9":"product_tag-sioen","10":"pa_farba-hv-oranzova","11":"pa_farba-hv-zlta","12":"pa_velkost-xl-xxl","13":"pa_velkost-m-l","14":"pa_velkost-xs-s","15":"pa_velkost-3xl-4xl","17":"first","18":"instock","19":"taxable","20":"shipping-taxable","21":"purchasable","22":"product-type-variable"},"acf":[],"_links":{"self":[{"href":"https:\/\/gajos.sk\/eshop\/wp-json\/wp\/v2\/product\/348538","targetHints":{"allow":["GET"]}}],"collection":[{"href":"https:\/\/gajos.sk\/eshop\/wp-json\/wp\/v2\/product"}],"about":[{"href":"https:\/\/gajos.sk\/eshop\/wp-json\/wp\/v2\/types\/product"}],"wp:featuredmedia":[{"embeddable":true,"href":"https:\/\/gajos.sk\/eshop\/wp-json\/wp\/v2\/media\/348540"}],"wp:attachment":[{"href":"https:\/\/gajos.sk\/eshop\/wp-json\/wp\/v2\/media?parent=348538"}],"wp:term":[{"taxonomy":"product_brand","embeddable":true,"href":"https:\/\/gajos.sk\/eshop\/wp-json\/wp\/v2\/product_brand?post=348538"},{"taxonomy":"product_cat","embeddable":true,"href":"https:\/\/gajos.sk\/eshop\/wp-json\/wp\/v2\/product_cat?post=348538"},{"taxonomy":"product_tag","embeddable":true,"href":"https:\/\/gajos.sk\/eshop\/wp-json\/wp\/v2\/product_tag?post=348538"}],"curies":[{"name":"wp","href":"https:\/\/api.w.org\/{rel}","templated":true}]}}