{"id":348518,"date":"2024-03-01T22:11:46","date_gmt":"2024-03-01T21:11:46","guid":{"rendered":"https:\/\/gajostest.a2hosted.com\/eshop\/knoxfield-hvps-vesta\/"},"modified":"2026-05-07T21:48:27","modified_gmt":"2026-05-07T19:48:27","slug":"knoxfield-hvps-vesta","status":"publish","type":"product","link":"https:\/\/gajos.sk\/eshop\/p\/knoxfield-hvps-vesta\/","title":{"rendered":"KNOXFIELD HVPS vesta"},"content":{"rendered":"","protected":false},"excerpt":{"rendered":"<p>HI-VIS pracovn\u00e1 vesta s tla\u010den\u00fdmi 5 cm reflexn\u00fdmi pruhmi; zap\u00ednanie na zips; 2 bo\u010dn\u00e9 vreck\u00e1.<\/p>\n","protected":false},"featured_media":348520,"template":"","meta":{"_acf_changed":false,"inline_featured_image":false},"product_brand":[],"product_cat":[2160,2161,2121],"product_tag":[1179],"class_list":{"0":"post-348518","1":"product","2":"type-product","3":"status-publish","4":"has-post-thumbnail","6":"product_cat-mikiny-svetre-vesty","7":"product_cat-vesty","8":"product_cat-odevy","9":"product_tag-cerva","10":"pa_farba-zlta","11":"pa_farba-cervena","12":"pa_farba-oranzova","13":"pa_velkost-xl","14":"pa_velkost-l","15":"pa_velkost-m","16":"pa_velkost-s","17":"pa_velkost-3xl","18":"pa_velkost-xxl","20":"first","21":"instock","22":"taxable","23":"shipping-taxable","24":"purchasable","25":"product-type-variable"},"acf":[],"_links":{"self":[{"href":"https:\/\/gajos.sk\/eshop\/wp-json\/wp\/v2\/product\/348518","targetHints":{"allow":["GET"]}}],"collection":[{"href":"https:\/\/gajos.sk\/eshop\/wp-json\/wp\/v2\/product"}],"about":[{"href":"https:\/\/gajos.sk\/eshop\/wp-json\/wp\/v2\/types\/product"}],"wp:featuredmedia":[{"embeddable":true,"href":"https:\/\/gajos.sk\/eshop\/wp-json\/wp\/v2\/media\/348520"}],"wp:attachment":[{"href":"https:\/\/gajos.sk\/eshop\/wp-json\/wp\/v2\/media?parent=348518"}],"wp:term":[{"taxonomy":"product_brand","embeddable":true,"href":"https:\/\/gajos.sk\/eshop\/wp-json\/wp\/v2\/product_brand?post=348518"},{"taxonomy":"product_cat","embeddable":true,"href":"https:\/\/gajos.sk\/eshop\/wp-json\/wp\/v2\/product_cat?post=348518"},{"taxonomy":"product_tag","embeddable":true,"href":"https:\/\/gajos.sk\/eshop\/wp-json\/wp\/v2\/product_tag?post=348518"}],"curies":[{"name":"wp","href":"https:\/\/api.w.org\/{rel}","templated":true}]}}