{"id":348220,"date":"2024-03-01T22:09:22","date_gmt":"2024-03-01T21:09:22","guid":{"rendered":"https:\/\/gajostest.a2hosted.com\/eshop\/knoxfield-hvps-zim-naprs-noh\/"},"modified":"2026-05-07T21:48:27","modified_gmt":"2026-05-07T19:48:27","slug":"knoxfield-hvps-zim-naprs-noh","status":"publish","type":"product","link":"https:\/\/gajos.sk\/eshop\/p\/knoxfield-hvps-zim-naprs-noh\/","title":{"rendered":"KNOXFIELD HVPS zim.n\u00e1prs.noh."},"content":{"rendered":"","protected":false},"excerpt":{"rendered":"<p>p\u00e1nske zateplen\u00e9 HI-VIS pracovn\u00e9 zimn\u00e9 nohavice s trakmi; obojstrann\u00e9 bo\u010dn\u00e9 zap\u00ednanie na cvoky; ve\u013ek\u00e9 multifunk\u010dn\u00e9 n\u00e1prsn\u00e9 vrecko; 2 bo\u010dn\u00e9 vreck\u00e1; r\u00e1zporok na zips; mo\u017enos\u0165 nastavenia obvodu spodn\u00fdch nohav\u00edc; dvojica tla\u010den\u00fdch reflexn\u00fdch pruhov.<br \/>\nPozn\u00e1mka 1: Hodnota Icler bola stanoven\u00e1 v komplete s KNOXFIELD HVPS zimnou parkou a KNOXFIELD HVPS zimnou pilot bundou.<br \/>\nPozn\u00e1mka 2: Trieda 3 pod\u013ea normy EN ISO 20471:2013+A1:2016 je v komplete s KNOXFIELD HVPS zimnou parkou alebo KNOXFIELD HVPS zimnou pilot bundou.<\/p>\n","protected":false},"featured_media":348222,"template":"","meta":{"_acf_changed":false,"inline_featured_image":false},"product_brand":[],"product_cat":[2121,2127,2126],"product_tag":[1179],"class_list":{"0":"post-348220","1":"product","2":"type-product","3":"status-publish","4":"has-post-thumbnail","6":"product_cat-odevy","7":"product_cat-nohavice","8":"product_cat-nohavice-a-overaly","9":"product_tag-cerva","10":"pa_farba-zlta","11":"pa_farba-cervena","12":"pa_farba-oranzova","13":"pa_velkost-xl","14":"pa_velkost-l","15":"pa_velkost-m","16":"pa_velkost-s","17":"pa_velkost-3xl","18":"pa_velkost-xxl","19":"pa_velkost-4xl","20":"pa_velkost-xs","22":"first","23":"instock","24":"taxable","25":"shipping-taxable","26":"purchasable","27":"product-type-variable"},"acf":[],"_links":{"self":[{"href":"https:\/\/gajos.sk\/eshop\/wp-json\/wp\/v2\/product\/348220","targetHints":{"allow":["GET"]}}],"collection":[{"href":"https:\/\/gajos.sk\/eshop\/wp-json\/wp\/v2\/product"}],"about":[{"href":"https:\/\/gajos.sk\/eshop\/wp-json\/wp\/v2\/types\/product"}],"wp:featuredmedia":[{"embeddable":true,"href":"https:\/\/gajos.sk\/eshop\/wp-json\/wp\/v2\/media\/348222"}],"wp:attachment":[{"href":"https:\/\/gajos.sk\/eshop\/wp-json\/wp\/v2\/media?parent=348220"}],"wp:term":[{"taxonomy":"product_brand","embeddable":true,"href":"https:\/\/gajos.sk\/eshop\/wp-json\/wp\/v2\/product_brand?post=348220"},{"taxonomy":"product_cat","embeddable":true,"href":"https:\/\/gajos.sk\/eshop\/wp-json\/wp\/v2\/product_cat?post=348220"},{"taxonomy":"product_tag","embeddable":true,"href":"https:\/\/gajos.sk\/eshop\/wp-json\/wp\/v2\/product_tag?post=348220"}],"curies":[{"name":"wp","href":"https:\/\/api.w.org\/{rel}","templated":true}]}}