{"id":348087,"date":"2024-03-01T22:07:26","date_gmt":"2024-03-01T21:07:26","guid":{"rendered":"https:\/\/gajostest.a2hosted.com\/eshop\/max-vivo-naprs-nohavice\/"},"modified":"2026-05-07T21:48:27","modified_gmt":"2026-05-07T19:48:27","slug":"max-vivo-naprs-nohavice","status":"publish","type":"product","link":"https:\/\/gajos.sk\/eshop\/p\/max-vivo-naprs-nohavice\/","title":{"rendered":"MAX VIVO n\u00e1prs.nohavice"},"content":{"rendered":"","protected":false},"excerpt":{"rendered":"<p>p\u00e1nske pracovn\u00e9 nohavice s n\u00e1prsenkou a elastick\u00fdm p\u00e1som; \u0161irok\u00e9 traky s plastov\u00fdmi sponami; 2 predn\u00e9 vreck\u00e1, 1 \u013eav\u00e9 zdvojen\u00e9 stehenn\u00e9 vrecko; 1 ve\u013ek\u00e9 n\u00e1prsn\u00e9 vrecko na such\u00fd zips, 2 zadn\u00e9 vreck\u00e1, 2 men\u0161ie zadn\u00e9 vreck\u00e1 na pravom stehne; reflexn\u00e9 lemovky; Oxford 600D zosilnenie kolien s mo\u017enos\u0165ou horn\u00e9ho vkladania n\u00e1kolenn\u00edkov; mo\u017enos\u0165 pred\u013a\u017eenia nohav\u00edc.<\/p>\n","protected":false},"featured_media":348089,"template":"","meta":{"_acf_changed":false,"inline_featured_image":false},"product_brand":[],"product_cat":[2121,2127,2126],"product_tag":[1179],"class_list":{"0":"post-348087","1":"product","2":"type-product","3":"status-publish","4":"has-post-thumbnail","6":"product_cat-odevy","7":"product_cat-nohavice","8":"product_cat-nohavice-a-overaly","9":"product_tag-cerva","10":"pa_farba-cierna-oranzova","11":"pa_farba-cerna-zlta","12":"pa_velkost-3110","13":"pa_velkost-3174","14":"pa_velkost-3112","15":"pa_velkost-3175","16":"pa_velkost-3121","17":"pa_velkost-3123","18":"pa_velkost-3155","19":"pa_velkost-3157","20":"pa_velkost-3158","21":"pa_velkost-3159","22":"pa_velkost-3160","23":"pa_velkost-3161","24":"pa_velkost-3162","26":"first","27":"instock","28":"taxable","29":"shipping-taxable","30":"purchasable","31":"product-type-variable"},"acf":[],"_links":{"self":[{"href":"https:\/\/gajos.sk\/eshop\/wp-json\/wp\/v2\/product\/348087","targetHints":{"allow":["GET"]}}],"collection":[{"href":"https:\/\/gajos.sk\/eshop\/wp-json\/wp\/v2\/product"}],"about":[{"href":"https:\/\/gajos.sk\/eshop\/wp-json\/wp\/v2\/types\/product"}],"wp:featuredmedia":[{"embeddable":true,"href":"https:\/\/gajos.sk\/eshop\/wp-json\/wp\/v2\/media\/348089"}],"wp:attachment":[{"href":"https:\/\/gajos.sk\/eshop\/wp-json\/wp\/v2\/media?parent=348087"}],"wp:term":[{"taxonomy":"product_brand","embeddable":true,"href":"https:\/\/gajos.sk\/eshop\/wp-json\/wp\/v2\/product_brand?post=348087"},{"taxonomy":"product_cat","embeddable":true,"href":"https:\/\/gajos.sk\/eshop\/wp-json\/wp\/v2\/product_cat?post=348087"},{"taxonomy":"product_tag","embeddable":true,"href":"https:\/\/gajos.sk\/eshop\/wp-json\/wp\/v2\/product_tag?post=348087"}],"curies":[{"name":"wp","href":"https:\/\/api.w.org\/{rel}","templated":true}]}}