{"id":347972,"date":"2024-03-01T22:05:41","date_gmt":"2024-03-01T21:05:41","guid":{"rendered":"https:\/\/gajostest.a2hosted.com\/eshop\/max-neo-rflx-naprs-nohavice\/"},"modified":"2026-05-07T21:48:27","modified_gmt":"2026-05-07T19:48:27","slug":"max-neo-rflx-naprs-nohavice","status":"publish","type":"product","link":"https:\/\/gajos.sk\/eshop\/p\/max-neo-rflx-naprs-nohavice\/","title":{"rendered":"MAX NEO RFLX n\u00e1prs.nohavice"},"content":{"rendered":"","protected":false},"excerpt":{"rendered":"<p>p\u00e1nske pracovn\u00e9 nohavice s n\u00e1prsenkou a elastick\u00fdm p\u00e1som; \u0161irok\u00e9 traky s plastov\u00fdmi sponami; 2 predn\u00e9 vreck\u00e1, 1 stehenn\u00e9 vrecko; 1 ve\u013ek\u00e9 n\u00e1prsn\u00e9 vrecko, 2 zadn\u00e9 vreck\u00e1;  reflexn\u00e9 pruhy na spodnej \u010dasti nohav\u00edc; zosilnen\u00e1 oblas\u0165 kolien; nastavite\u013en\u00e1 d\u013a\u017eka nohav\u00edc.<\/p>\n","protected":false},"featured_media":347974,"template":"","meta":{"_acf_changed":false,"inline_featured_image":false},"product_brand":[],"product_cat":[2121,2127,2126],"product_tag":[1179],"class_list":{"0":"post-347972","1":"product","2":"type-product","3":"status-publish","4":"has-post-thumbnail","6":"product_cat-odevy","7":"product_cat-nohavice","8":"product_cat-nohavice-a-overaly","9":"product_tag-cerva","10":"pa_farba-modra","11":"pa_farba-zelena","12":"pa_velkost-3162","13":"pa_velkost-3110","14":"pa_velkost-3174","15":"pa_velkost-3112","16":"pa_velkost-3175","17":"pa_velkost-3121","18":"pa_velkost-3123","19":"pa_velkost-3155","20":"pa_velkost-3157","21":"pa_velkost-3158","22":"pa_velkost-3159","23":"pa_velkost-3160","24":"pa_velkost-3161","26":"first","27":"instock","28":"taxable","29":"shipping-taxable","30":"purchasable","31":"product-type-variable"},"acf":[],"_links":{"self":[{"href":"https:\/\/gajos.sk\/eshop\/wp-json\/wp\/v2\/product\/347972","targetHints":{"allow":["GET"]}}],"collection":[{"href":"https:\/\/gajos.sk\/eshop\/wp-json\/wp\/v2\/product"}],"about":[{"href":"https:\/\/gajos.sk\/eshop\/wp-json\/wp\/v2\/types\/product"}],"wp:featuredmedia":[{"embeddable":true,"href":"https:\/\/gajos.sk\/eshop\/wp-json\/wp\/v2\/media\/347974"}],"wp:attachment":[{"href":"https:\/\/gajos.sk\/eshop\/wp-json\/wp\/v2\/media?parent=347972"}],"wp:term":[{"taxonomy":"product_brand","embeddable":true,"href":"https:\/\/gajos.sk\/eshop\/wp-json\/wp\/v2\/product_brand?post=347972"},{"taxonomy":"product_cat","embeddable":true,"href":"https:\/\/gajos.sk\/eshop\/wp-json\/wp\/v2\/product_cat?post=347972"},{"taxonomy":"product_tag","embeddable":true,"href":"https:\/\/gajos.sk\/eshop\/wp-json\/wp\/v2\/product_tag?post=347972"}],"curies":[{"name":"wp","href":"https:\/\/api.w.org\/{rel}","templated":true}]}}