{"id":347873,"date":"2024-03-01T22:05:17","date_gmt":"2024-03-01T21:05:17","guid":{"rendered":"https:\/\/gajostest.a2hosted.com\/eshop\/max-neo-naprs-nohavice\/"},"modified":"2026-05-07T21:48:27","modified_gmt":"2026-05-07T19:48:27","slug":"max-neo-naprs-nohavice","status":"publish","type":"product","link":"https:\/\/gajos.sk\/eshop\/p\/max-neo-naprs-nohavice\/","title":{"rendered":"MAX NEO n\u00e1prs.nohavice"},"content":{"rendered":"","protected":false},"excerpt":{"rendered":"<p>p\u00e1nske pracovn\u00e9 nohavice s n\u00e1prsenkou a elastick\u00fdm p\u00e1som; \u0161irok\u00e9 traky s plastov\u00fdmi sponami; 2 predn\u00e9 vreck\u00e1, 1 stehenn\u00e9 vrecko; 1 ve\u013ek\u00e9 n\u00e1prsn\u00e9 vrecko, 2 zadn\u00e9 vreck\u00e1; zosilnen\u00e1 oblas\u0165 kolien; nastavite\u013en\u00e1 d\u013a\u017eka nohav\u00edc.<\/p>\n","protected":false},"featured_media":347875,"template":"","meta":{"_acf_changed":false,"inline_featured_image":false},"product_brand":[],"product_cat":[2127,2121,2126],"product_tag":[1179],"class_list":{"0":"post-347873","1":"product","2":"type-product","3":"status-publish","4":"has-post-thumbnail","6":"product_cat-nohavice","7":"product_cat-odevy","8":"product_cat-nohavice-a-overaly","9":"product_tag-cerva","10":"pa_farba-modra","11":"pa_farba-navy","12":"pa_farba-antracit","13":"pa_farba-zelena","14":"pa_farba-cervena","15":"pa_farba-cierna","16":"pa_farba-biela","17":"pa_velkost-3116","18":"pa_velkost-3162","19":"pa_velkost-3118","20":"pa_velkost-3174","21":"pa_velkost-3121","22":"pa_velkost-3175","23":"pa_velkost-3123","24":"pa_velkost-3155","25":"pa_velkost-3157","26":"pa_velkost-3158","27":"pa_velkost-3110","28":"pa_velkost-3159","29":"pa_velkost-3112","30":"pa_velkost-3160","31":"pa_velkost-3114","32":"pa_velkost-3161","34":"first","35":"instock","36":"taxable","37":"shipping-taxable","38":"purchasable","39":"product-type-variable"},"acf":[],"_links":{"self":[{"href":"https:\/\/gajos.sk\/eshop\/wp-json\/wp\/v2\/product\/347873","targetHints":{"allow":["GET"]}}],"collection":[{"href":"https:\/\/gajos.sk\/eshop\/wp-json\/wp\/v2\/product"}],"about":[{"href":"https:\/\/gajos.sk\/eshop\/wp-json\/wp\/v2\/types\/product"}],"wp:featuredmedia":[{"embeddable":true,"href":"https:\/\/gajos.sk\/eshop\/wp-json\/wp\/v2\/media\/347875"}],"wp:attachment":[{"href":"https:\/\/gajos.sk\/eshop\/wp-json\/wp\/v2\/media?parent=347873"}],"wp:term":[{"taxonomy":"product_brand","embeddable":true,"href":"https:\/\/gajos.sk\/eshop\/wp-json\/wp\/v2\/product_brand?post=347873"},{"taxonomy":"product_cat","embeddable":true,"href":"https:\/\/gajos.sk\/eshop\/wp-json\/wp\/v2\/product_cat?post=347873"},{"taxonomy":"product_tag","embeddable":true,"href":"https:\/\/gajos.sk\/eshop\/wp-json\/wp\/v2\/product_tag?post=347873"}],"curies":[{"name":"wp","href":"https:\/\/api.w.org\/{rel}","templated":true}]}}