{"id":347811,"date":"2024-03-01T22:04:00","date_gmt":"2024-03-01T21:04:00","guid":{"rendered":"https:\/\/gajostest.a2hosted.com\/eshop\/ff-hans-naprs-nohavice\/"},"modified":"2026-04-18T01:50:34","modified_gmt":"2026-04-17T23:50:34","slug":"ff-hans-naprs-nohavice","status":"publish","type":"product","link":"https:\/\/gajos.sk\/eshop\/p\/ff-hans-naprs-nohavice\/","title":{"rendered":"FF HANS n\u00e1prs.nohavice"},"content":{"rendered":"","protected":false},"excerpt":{"rendered":"<p>p\u00e1nske bavlnen\u00e9 pracovn\u00e9 nohavice s trakmi; 7 funk\u010dn\u00fdch vreciek; obojstrann\u00e9 zap\u00ednanie v p\u00e1se na gomb\u00edky; polyester Oxford zosilnenie v kolenn\u00fdch \u010dastiach s mo\u017enos\u0165ou vkladania ochrann\u00fdch n\u00e1kolenn\u00edkov; nastavite\u013en\u00e1 d\u013a\u017eka nohav\u00edc.<\/p>\n","protected":false},"featured_media":347813,"template":"","meta":{"_acf_changed":false,"inline_featured_image":false},"product_brand":[],"product_cat":[2121,2127,2126],"product_tag":[1228],"class_list":{"0":"post-347811","1":"product","2":"type-product","3":"status-publish","4":"has-post-thumbnail","6":"product_cat-odevy","7":"product_cat-nohavice","8":"product_cat-nohavice-a-overaly","9":"product_tag-fridrich-fridrich","10":"pa_farba-biela-siva","11":"pa_farba-cervena-antracit","12":"pa_farba-zelena-antracit","13":"pa_farba-r-modra-antracit","14":"pa_farba-siva-antracit","15":"pa_farba-cierna-antracit","16":"pa_velkost-3158","17":"pa_velkost-3159","18":"pa_velkost-3160","19":"pa_velkost-3161","20":"pa_velkost-3162","21":"pa_velkost-3110","22":"pa_velkost-3121","23":"pa_velkost-3123","24":"pa_velkost-3155","25":"pa_velkost-3157","27":"first","28":"instock","29":"taxable","30":"shipping-taxable","31":"purchasable","32":"product-type-variable"},"acf":[],"_links":{"self":[{"href":"https:\/\/gajos.sk\/eshop\/wp-json\/wp\/v2\/product\/347811","targetHints":{"allow":["GET"]}}],"collection":[{"href":"https:\/\/gajos.sk\/eshop\/wp-json\/wp\/v2\/product"}],"about":[{"href":"https:\/\/gajos.sk\/eshop\/wp-json\/wp\/v2\/types\/product"}],"wp:featuredmedia":[{"embeddable":true,"href":"https:\/\/gajos.sk\/eshop\/wp-json\/wp\/v2\/media\/347813"}],"wp:attachment":[{"href":"https:\/\/gajos.sk\/eshop\/wp-json\/wp\/v2\/media?parent=347811"}],"wp:term":[{"taxonomy":"product_brand","embeddable":true,"href":"https:\/\/gajos.sk\/eshop\/wp-json\/wp\/v2\/product_brand?post=347811"},{"taxonomy":"product_cat","embeddable":true,"href":"https:\/\/gajos.sk\/eshop\/wp-json\/wp\/v2\/product_cat?post=347811"},{"taxonomy":"product_tag","embeddable":true,"href":"https:\/\/gajos.sk\/eshop\/wp-json\/wp\/v2\/product_tag?post=347811"}],"curies":[{"name":"wp","href":"https:\/\/api.w.org\/{rel}","templated":true}]}}