{"id":347737,"date":"2024-03-01T22:03:39","date_gmt":"2024-03-01T21:03:39","guid":{"rendered":"https:\/\/gajostest.a2hosted.com\/eshop\/badajoz-rflx-naprs-nohavice\/"},"modified":"2026-05-07T21:48:26","modified_gmt":"2026-05-07T19:48:26","slug":"badajoz-rflx-naprs-nohavice","status":"publish","type":"product","link":"https:\/\/gajos.sk\/eshop\/p\/badajoz-rflx-naprs-nohavice\/","title":{"rendered":"BADAJOZ RFLX n\u00e1prs.nohavice"},"content":{"rendered":"","protected":false},"excerpt":{"rendered":"<p>p\u00e1nske pracovn\u00e9 nohavice s n\u00e1prsenkou so 7 cm reflexn\u00fdmi doplnkami, elastick\u00fd p\u00e1s, 2 bo\u010dn\u00e9 vreck\u00e1 + 1 vrecko na drobn\u00e9, 2 stehenn\u00e9 vreck\u00e1, 2 zadn\u00e9 vreck\u00e1, 1 ve\u013ek\u00e9 multifunk\u010dn\u00e9 n\u00e1prsn\u00e9 vrecko, elastick\u00e9 traky so zap\u00ednan\u00edm na sponu, nastavite\u013en\u00e1 d\u013a\u017eka nohav\u00edc<\/p>\n","protected":false},"featured_media":347739,"template":"","meta":{"_acf_changed":false,"inline_featured_image":false},"product_brand":[],"product_cat":[2127,2121,2126],"product_tag":[1179],"class_list":{"0":"post-347737","1":"product","2":"type-product","3":"status-publish","4":"has-post-thumbnail","6":"product_cat-nohavice","7":"product_cat-odevy","8":"product_cat-nohavice-a-overaly","9":"product_tag-cerva","10":"pa_farba-cervena","11":"pa_farba-cierna","12":"pa_farba-siva","13":"pa_farba-royal-modra","14":"pa_farba-tm-zelena","15":"pa_farba-navy","16":"pa_velkost-3158","17":"pa_velkost-3159","18":"pa_velkost-3160","19":"pa_velkost-3161","20":"pa_velkost-3162","21":"pa_velkost-3110","22":"pa_velkost-3121","23":"pa_velkost-3123","24":"pa_velkost-3155","25":"pa_velkost-3157","27":"first","28":"instock","29":"taxable","30":"shipping-taxable","31":"purchasable","32":"product-type-variable"},"acf":[],"_links":{"self":[{"href":"https:\/\/gajos.sk\/eshop\/wp-json\/wp\/v2\/product\/347737","targetHints":{"allow":["GET"]}}],"collection":[{"href":"https:\/\/gajos.sk\/eshop\/wp-json\/wp\/v2\/product"}],"about":[{"href":"https:\/\/gajos.sk\/eshop\/wp-json\/wp\/v2\/types\/product"}],"wp:featuredmedia":[{"embeddable":true,"href":"https:\/\/gajos.sk\/eshop\/wp-json\/wp\/v2\/media\/347739"}],"wp:attachment":[{"href":"https:\/\/gajos.sk\/eshop\/wp-json\/wp\/v2\/media?parent=347737"}],"wp:term":[{"taxonomy":"product_brand","embeddable":true,"href":"https:\/\/gajos.sk\/eshop\/wp-json\/wp\/v2\/product_brand?post=347737"},{"taxonomy":"product_cat","embeddable":true,"href":"https:\/\/gajos.sk\/eshop\/wp-json\/wp\/v2\/product_cat?post=347737"},{"taxonomy":"product_tag","embeddable":true,"href":"https:\/\/gajos.sk\/eshop\/wp-json\/wp\/v2\/product_tag?post=347737"}],"curies":[{"name":"wp","href":"https:\/\/api.w.org\/{rel}","templated":true}]}}