{"id":347618,"date":"2024-03-01T22:03:06","date_gmt":"2024-03-01T21:03:06","guid":{"rendered":"https:\/\/gajostest.a2hosted.com\/eshop\/reusel-nohavice-naprs\/"},"modified":"2026-04-15T21:52:53","modified_gmt":"2026-04-15T19:52:53","slug":"reusel-nohavice-naprs","status":"publish","type":"product","link":"https:\/\/gajos.sk\/eshop\/p\/reusel-nohavice-naprs\/","title":{"rendered":"REUSEL nohavice n\u00e1prs."},"content":{"rendered":"","protected":false},"excerpt":{"rendered":"<p>p\u00e1nske pracovn\u00e9 nohavice s chlop\u0148ou, elastick\u00fdm p\u00e1som a multifunk\u010dn\u00fdmi vreckami; V\u00fdstu\u017en\u00e9 kolenn\u00e9 vreck\u00e1 Oxford 600D na vkladanie ochrann\u00fdch chr\u00e1ni\u010dov kolien; odoln\u00e9 trojit\u00e9 \u0161itie n\u00f4h a sedadla; reflexn\u00e9 prvky; Nastavite\u013en\u00e1 d\u013a\u017eka nohy.<\/p>\n","protected":false},"featured_media":347620,"template":"","meta":{"_acf_changed":false,"inline_featured_image":false},"product_brand":[],"product_cat":[2121,2127,2126],"product_tag":[1274],"class_list":{"0":"post-347618","1":"product","2":"type-product","3":"status-publish","4":"has-post-thumbnail","6":"product_cat-odevy","7":"product_cat-nohavice","8":"product_cat-nohavice-a-overaly","9":"product_tag-safeworker","10":"pa_farba-antracit-cervena","11":"pa_velkost-3161","12":"pa_velkost-3162","13":"pa_velkost-3110","14":"pa_velkost-3121","15":"pa_velkost-3123","16":"pa_velkost-3155","17":"pa_velkost-3157","18":"pa_velkost-3158","19":"pa_velkost-3159","20":"pa_velkost-3160","22":"first","23":"instock","24":"taxable","25":"shipping-taxable","26":"purchasable","27":"product-type-variable"},"acf":[],"_links":{"self":[{"href":"https:\/\/gajos.sk\/eshop\/wp-json\/wp\/v2\/product\/347618","targetHints":{"allow":["GET"]}}],"collection":[{"href":"https:\/\/gajos.sk\/eshop\/wp-json\/wp\/v2\/product"}],"about":[{"href":"https:\/\/gajos.sk\/eshop\/wp-json\/wp\/v2\/types\/product"}],"wp:featuredmedia":[{"embeddable":true,"href":"https:\/\/gajos.sk\/eshop\/wp-json\/wp\/v2\/media\/347620"}],"wp:attachment":[{"href":"https:\/\/gajos.sk\/eshop\/wp-json\/wp\/v2\/media?parent=347618"}],"wp:term":[{"taxonomy":"product_brand","embeddable":true,"href":"https:\/\/gajos.sk\/eshop\/wp-json\/wp\/v2\/product_brand?post=347618"},{"taxonomy":"product_cat","embeddable":true,"href":"https:\/\/gajos.sk\/eshop\/wp-json\/wp\/v2\/product_cat?post=347618"},{"taxonomy":"product_tag","embeddable":true,"href":"https:\/\/gajos.sk\/eshop\/wp-json\/wp\/v2\/product_tag?post=347618"}],"curies":[{"name":"wp","href":"https:\/\/api.w.org\/{rel}","templated":true}]}}