{"id":347512,"date":"2024-03-01T22:01:30","date_gmt":"2024-03-01T21:01:30","guid":{"rendered":"https:\/\/gajostest.a2hosted.com\/eshop\/taurus-nohavice\/"},"modified":"2026-05-07T21:46:32","modified_gmt":"2026-05-07T19:46:32","slug":"taurus-nohavice","status":"publish","type":"product","link":"https:\/\/gajos.sk\/eshop\/p\/taurus-nohavice\/","title":{"rendered":"TAURUS nohavice"},"content":{"rendered":"","protected":false},"excerpt":{"rendered":"<p>modern\u00e9 p\u00e1nske nohavice s elastick\u00fdm p\u00e1som; stre\u010dov\u00e9 vlo\u017eenie v p\u00e1se zadn\u00e9ho dielu a rozkroku; 2 vkladan\u00e9 bo\u010dn\u00e9 vreck\u00e1; 2 stehenn\u00e9 vreck\u00e1 s chlop\u0148ou a zap\u00ednan\u00edm na cvoky; 2 zadn\u00e9 vreck\u00e1; 2 kovov\u00e9 &#8222;D&#8220; kr\u00fa\u017eky v p\u00e1se; reflexn\u00e9 paspulky pre lep\u0161iu vidite\u013enos\u0165.<\/p>\n","protected":false},"featured_media":347514,"template":"","meta":{"_acf_changed":false,"inline_featured_image":false},"product_brand":[],"product_cat":[2121,2127,2126],"product_tag":[2387],"class_list":{"0":"post-347512","1":"product","2":"type-product","3":"status-publish","4":"has-post-thumbnail","6":"product_cat-odevy","7":"product_cat-nohavice","8":"product_cat-nohavice-a-overaly","9":"product_tag-litz","10":"pa_farba-cierna","11":"pa_farba-siva","12":"pa_farba-navy","13":"pa_velkost-3123","14":"pa_velkost-3155","15":"pa_velkost-3157","16":"pa_velkost-3158","17":"pa_velkost-3159","18":"pa_velkost-3160","19":"pa_velkost-3110","20":"pa_velkost-3161","21":"pa_velkost-3112","22":"pa_velkost-3162","23":"pa_velkost-3114","24":"pa_velkost-3121","26":"first","27":"instock","28":"taxable","29":"shipping-taxable","30":"purchasable","31":"product-type-variable"},"acf":[],"_links":{"self":[{"href":"https:\/\/gajos.sk\/eshop\/wp-json\/wp\/v2\/product\/347512","targetHints":{"allow":["GET"]}}],"collection":[{"href":"https:\/\/gajos.sk\/eshop\/wp-json\/wp\/v2\/product"}],"about":[{"href":"https:\/\/gajos.sk\/eshop\/wp-json\/wp\/v2\/types\/product"}],"wp:featuredmedia":[{"embeddable":true,"href":"https:\/\/gajos.sk\/eshop\/wp-json\/wp\/v2\/media\/347514"}],"wp:attachment":[{"href":"https:\/\/gajos.sk\/eshop\/wp-json\/wp\/v2\/media?parent=347512"}],"wp:term":[{"taxonomy":"product_brand","embeddable":true,"href":"https:\/\/gajos.sk\/eshop\/wp-json\/wp\/v2\/product_brand?post=347512"},{"taxonomy":"product_cat","embeddable":true,"href":"https:\/\/gajos.sk\/eshop\/wp-json\/wp\/v2\/product_cat?post=347512"},{"taxonomy":"product_tag","embeddable":true,"href":"https:\/\/gajos.sk\/eshop\/wp-json\/wp\/v2\/product_tag?post=347512"}],"curies":[{"name":"wp","href":"https:\/\/api.w.org\/{rel}","templated":true}]}}