{"id":347346,"date":"2024-03-01T21:59:18","date_gmt":"2024-03-01T20:59:18","guid":{"rendered":"https:\/\/gajostest.a2hosted.com\/eshop\/knoxfield-hvps-fl-nohavice\/"},"modified":"2026-05-07T21:46:32","modified_gmt":"2026-05-07T19:46:32","slug":"knoxfield-hvps-fl-nohavice","status":"publish","type":"product","link":"https:\/\/gajos.sk\/eshop\/p\/knoxfield-hvps-fl-nohavice\/","title":{"rendered":"KNOXFIELD HVPS FL nohavice"},"content":{"rendered":"","protected":false},"excerpt":{"rendered":"<p>p\u00e1nske pracovn\u00e9 nohavice HI-VIS s elastick\u00fdm p\u00e1som; p\u00e1r potla\u010den\u00fdch 7,5 cm reflexn\u00fdch pruhov; 5 funk\u010dn\u00fdch vreciek; 600D Oxfordsk\u00e1 v\u00fdstu\u017e v oblasti kolien s mo\u017enos\u0165ou vlo\u017eenia kolenn\u00fdch ort\u00e9z; dekorat\u00edvne pre\u0161\u00edvanie v kontrastnej farbe HI-VIS; Nastavite\u013en\u00e1 d\u013a\u017eka nohav\u00edc.<\/p>\n","protected":false},"featured_media":347348,"template":"","meta":{"_acf_changed":false,"inline_featured_image":false},"product_brand":[],"product_cat":[2121,2127,2126],"product_tag":[1179],"class_list":{"0":"post-347346","1":"product","2":"type-product","3":"status-publish","4":"has-post-thumbnail","6":"product_cat-odevy","7":"product_cat-nohavice","8":"product_cat-nohavice-a-overaly","9":"product_tag-cerva","10":"pa_farba-zlta","11":"pa_farba-cervena","12":"pa_farba-oranzova","13":"pa_velkost-3121","14":"pa_velkost-3123","15":"pa_velkost-3155","16":"pa_velkost-3157","17":"pa_velkost-3158","18":"pa_velkost-3159","19":"pa_velkost-3160","20":"pa_velkost-3161","21":"pa_velkost-3162","22":"pa_velkost-3110","24":"first","25":"instock","26":"taxable","27":"shipping-taxable","28":"purchasable","29":"product-type-variable"},"acf":[],"_links":{"self":[{"href":"https:\/\/gajos.sk\/eshop\/wp-json\/wp\/v2\/product\/347346","targetHints":{"allow":["GET"]}}],"collection":[{"href":"https:\/\/gajos.sk\/eshop\/wp-json\/wp\/v2\/product"}],"about":[{"href":"https:\/\/gajos.sk\/eshop\/wp-json\/wp\/v2\/types\/product"}],"wp:featuredmedia":[{"embeddable":true,"href":"https:\/\/gajos.sk\/eshop\/wp-json\/wp\/v2\/media\/347348"}],"wp:attachment":[{"href":"https:\/\/gajos.sk\/eshop\/wp-json\/wp\/v2\/media?parent=347346"}],"wp:term":[{"taxonomy":"product_brand","embeddable":true,"href":"https:\/\/gajos.sk\/eshop\/wp-json\/wp\/v2\/product_brand?post=347346"},{"taxonomy":"product_cat","embeddable":true,"href":"https:\/\/gajos.sk\/eshop\/wp-json\/wp\/v2\/product_cat?post=347346"},{"taxonomy":"product_tag","embeddable":true,"href":"https:\/\/gajos.sk\/eshop\/wp-json\/wp\/v2\/product_tag?post=347346"}],"curies":[{"name":"wp","href":"https:\/\/api.w.org\/{rel}","templated":true}]}}