{"id":347274,"date":"2024-03-01T21:57:52","date_gmt":"2024-03-01T20:57:52","guid":{"rendered":"https:\/\/gajostest.a2hosted.com\/eshop\/multinorm-bolt-fr-nohavice\/"},"modified":"2026-05-07T21:46:32","modified_gmt":"2026-05-07T19:46:32","slug":"multinorm-bolt-fr-nohavice","status":"publish","type":"product","link":"https:\/\/gajos.sk\/eshop\/p\/multinorm-bolt-fr-nohavice\/","title":{"rendered":"MULTINORM BOLT FR nohavice"},"content":{"rendered":"","protected":false},"excerpt":{"rendered":"<p>multinormn\u00e9 nohavice s elastick\u00fdm p\u00e1som; 2 bo\u010dn\u00e9 vreck\u00e1; 2 stehenn\u00e9 vreck\u00e1 s pr\u00edklopkou na such\u00fd zips; 2 zadn\u00e9 vreck\u00e1 s pr\u00edklopkou na such\u00fd zips; nastavite\u013en\u00e1 d\u013a\u017eka nohav\u00edc.<\/p>\n","protected":false},"featured_media":347276,"template":"","meta":{"_acf_changed":false,"inline_featured_image":false},"product_brand":[],"product_cat":[2121,2127,2126],"product_tag":[1179],"class_list":{"0":"post-347274","1":"product","2":"type-product","3":"status-publish","4":"has-post-thumbnail","6":"product_cat-odevy","7":"product_cat-nohavice","8":"product_cat-nohavice-a-overaly","9":"product_tag-cerva","10":"pa_farba-navy","11":"pa_velkost-m","12":"pa_velkost-s","13":"pa_velkost-3xl","14":"pa_velkost-xxl","15":"pa_velkost-4xl","16":"pa_velkost-xs","17":"pa_velkost-xl","18":"pa_velkost-l","20":"first","21":"instock","22":"taxable","23":"shipping-taxable","24":"purchasable","25":"product-type-variable"},"acf":[],"_links":{"self":[{"href":"https:\/\/gajos.sk\/eshop\/wp-json\/wp\/v2\/product\/347274","targetHints":{"allow":["GET"]}}],"collection":[{"href":"https:\/\/gajos.sk\/eshop\/wp-json\/wp\/v2\/product"}],"about":[{"href":"https:\/\/gajos.sk\/eshop\/wp-json\/wp\/v2\/types\/product"}],"wp:featuredmedia":[{"embeddable":true,"href":"https:\/\/gajos.sk\/eshop\/wp-json\/wp\/v2\/media\/347276"}],"wp:attachment":[{"href":"https:\/\/gajos.sk\/eshop\/wp-json\/wp\/v2\/media?parent=347274"}],"wp:term":[{"taxonomy":"product_brand","embeddable":true,"href":"https:\/\/gajos.sk\/eshop\/wp-json\/wp\/v2\/product_brand?post=347274"},{"taxonomy":"product_cat","embeddable":true,"href":"https:\/\/gajos.sk\/eshop\/wp-json\/wp\/v2\/product_cat?post=347274"},{"taxonomy":"product_tag","embeddable":true,"href":"https:\/\/gajos.sk\/eshop\/wp-json\/wp\/v2\/product_tag?post=347274"}],"curies":[{"name":"wp","href":"https:\/\/api.w.org\/{rel}","templated":true}]}}