{"id":347243,"date":"2024-03-01T21:57:30","date_gmt":"2024-03-01T20:57:30","guid":{"rendered":"https:\/\/gajostest.a2hosted.com\/eshop\/sheldon-hv-nohavice\/"},"modified":"2026-05-07T21:46:32","modified_gmt":"2026-05-07T19:46:32","slug":"sheldon-hv-nohavice","status":"publish","type":"product","link":"https:\/\/gajos.sk\/eshop\/p\/sheldon-hv-nohavice\/","title":{"rendered":"SHELDON HV nohavice"},"content":{"rendered":"","protected":false},"excerpt":{"rendered":"<p>p\u00e1nske pracovn\u00e9 HI-VIS nohavice s pru\u017en\u00fdm p\u00e1som a multifunk\u010dn\u00fdmi vreckami; Oxford 600D zosilnenie kolenn\u00fdch vreciek pre vkladanie ochrann\u00fdch n\u00e1kolenn\u00edkov; odoln\u00e9 trojit\u00e9 pre\u0161itie nohav\u00edc a sedu; 2 tla\u010den\u00e9 reflexn\u00e9 segmentovan\u00e9 7 cm pruhy na spodnej \u010dasti nohav\u00edc; nastavite\u013en\u00e1 d\u013a\u017eka nohav\u00edc.<\/p>\n","protected":false},"featured_media":347245,"template":"","meta":{"_acf_changed":false,"inline_featured_image":false},"product_brand":[],"product_cat":[2121,2127,2126],"product_tag":[1179],"class_list":{"0":"post-347243","1":"product","2":"type-product","3":"status-publish","4":"has-post-thumbnail","6":"product_cat-odevy","7":"product_cat-nohavice","8":"product_cat-nohavice-a-overaly","9":"product_tag-cerva","10":"pa_farba-zlta","11":"pa_velkost-3161","12":"pa_velkost-3110","13":"pa_velkost-3162","14":"pa_velkost-3112","15":"pa_velkost-3174","16":"pa_velkost-3114","17":"pa_velkost-3175","18":"pa_velkost-3121","19":"pa_velkost-3123","20":"pa_velkost-3155","21":"pa_velkost-3157","22":"pa_velkost-3158","23":"pa_velkost-3159","24":"pa_velkost-3160","26":"first","27":"instock","28":"taxable","29":"shipping-taxable","30":"purchasable","31":"product-type-variable"},"acf":[],"_links":{"self":[{"href":"https:\/\/gajos.sk\/eshop\/wp-json\/wp\/v2\/product\/347243","targetHints":{"allow":["GET"]}}],"collection":[{"href":"https:\/\/gajos.sk\/eshop\/wp-json\/wp\/v2\/product"}],"about":[{"href":"https:\/\/gajos.sk\/eshop\/wp-json\/wp\/v2\/types\/product"}],"wp:featuredmedia":[{"embeddable":true,"href":"https:\/\/gajos.sk\/eshop\/wp-json\/wp\/v2\/media\/347245"}],"wp:attachment":[{"href":"https:\/\/gajos.sk\/eshop\/wp-json\/wp\/v2\/media?parent=347243"}],"wp:term":[{"taxonomy":"product_brand","embeddable":true,"href":"https:\/\/gajos.sk\/eshop\/wp-json\/wp\/v2\/product_brand?post=347243"},{"taxonomy":"product_cat","embeddable":true,"href":"https:\/\/gajos.sk\/eshop\/wp-json\/wp\/v2\/product_cat?post=347243"},{"taxonomy":"product_tag","embeddable":true,"href":"https:\/\/gajos.sk\/eshop\/wp-json\/wp\/v2\/product_tag?post=347243"}],"curies":[{"name":"wp","href":"https:\/\/api.w.org\/{rel}","templated":true}]}}