{"id":347129,"date":"2024-03-01T21:55:16","date_gmt":"2024-03-01T20:55:16","guid":{"rendered":"https:\/\/gajostest.a2hosted.com\/eshop\/rumes-080va-nohavice\/"},"modified":"2026-04-15T21:50:50","modified_gmt":"2026-04-15T19:50:50","slug":"rumes-080va-nohavice","status":"publish","type":"product","link":"https:\/\/gajos.sk\/eshop\/p\/rumes-080va-nohavice\/","title":{"rendered":"RUMES 080VA nohavice"},"content":{"rendered":"","protected":false},"excerpt":{"rendered":"<p>p\u00e1nske nohavice s elastick\u00fdm p\u00e1som; v\u00fdborn\u00e1 ochrana proti teplu a plame\u0148u a tepeln\u00fdm \u00fa\u010dinkom elektrick\u00e9ho obl\u00faka; r\u00e1zporok na zips; 2 postrann\u00e9 vreck\u00e1; 1 zadn\u00e9 vrecko so zap\u00ednan\u00edm na cvok; 1 stehenn\u00e9 vrecko s chlop\u0148ou; 1 mal\u00e9 vrecko na n\u00e1radie s chlop\u0148ou; mo\u017enos\u0165 vkladania n\u00e1kolenn\u00edkov; nehor\u013eav\u00e9 5 cm reflexn\u00e9 pruhy.<\/p>\n","protected":false},"featured_media":347131,"template":"","meta":{"_acf_changed":false,"inline_featured_image":false},"product_brand":[],"product_cat":[2121,2127,2126],"product_tag":[1238],"class_list":{"0":"post-347129","1":"product","2":"type-product","3":"status-publish","4":"has-post-thumbnail","6":"product_cat-odevy","7":"product_cat-nohavice","8":"product_cat-nohavice-a-overaly","9":"product_tag-sioen","10":"pa_farba-navy","11":"pa_velkost-3155","12":"pa_velkost-48l","13":"pa_velkost-3157","14":"pa_velkost-46l","15":"pa_velkost-3158","16":"pa_velkost-58s","17":"pa_velkost-3159","18":"pa_velkost-56s","19":"pa_velkost-3160","20":"pa_velkost-54s","21":"pa_velkost-3161","22":"pa_velkost-52s","23":"pa_velkost-3110","24":"pa_velkost-3162","25":"pa_velkost-50s","26":"pa_velkost-3112","27":"pa_velkost-54l","28":"pa_velkost-48s","29":"pa_velkost-3121","30":"pa_velkost-50l","31":"pa_velkost-56l","32":"pa_velkost-3123","33":"pa_velkost-52l","35":"first","36":"instock","37":"taxable","38":"shipping-taxable","39":"purchasable","40":"product-type-variable"},"acf":[],"_links":{"self":[{"href":"https:\/\/gajos.sk\/eshop\/wp-json\/wp\/v2\/product\/347129","targetHints":{"allow":["GET"]}}],"collection":[{"href":"https:\/\/gajos.sk\/eshop\/wp-json\/wp\/v2\/product"}],"about":[{"href":"https:\/\/gajos.sk\/eshop\/wp-json\/wp\/v2\/types\/product"}],"wp:featuredmedia":[{"embeddable":true,"href":"https:\/\/gajos.sk\/eshop\/wp-json\/wp\/v2\/media\/347131"}],"wp:attachment":[{"href":"https:\/\/gajos.sk\/eshop\/wp-json\/wp\/v2\/media?parent=347129"}],"wp:term":[{"taxonomy":"product_brand","embeddable":true,"href":"https:\/\/gajos.sk\/eshop\/wp-json\/wp\/v2\/product_brand?post=347129"},{"taxonomy":"product_cat","embeddable":true,"href":"https:\/\/gajos.sk\/eshop\/wp-json\/wp\/v2\/product_cat?post=347129"},{"taxonomy":"product_tag","embeddable":true,"href":"https:\/\/gajos.sk\/eshop\/wp-json\/wp\/v2\/product_tag?post=347129"}],"curies":[{"name":"wp","href":"https:\/\/api.w.org\/{rel}","templated":true}]}}