{"id":347114,"date":"2024-03-01T21:55:07","date_gmt":"2024-03-01T20:55:07","guid":{"rendered":"https:\/\/gajostest.a2hosted.com\/eshop\/max-vivo-rflx-nohavice\/"},"modified":"2026-05-07T21:44:38","modified_gmt":"2026-05-07T19:44:38","slug":"max-vivo-rflx-nohavice","status":"publish","type":"product","link":"https:\/\/gajos.sk\/eshop\/p\/max-vivo-rflx-nohavice\/","title":{"rendered":"MAX VIVO RFLX nohavice"},"content":{"rendered":"","protected":false},"excerpt":{"rendered":"<p>p\u00e1nske reflexn\u00e9 pracovn\u00e9 nohavice s elastick\u00fdm p\u00e1som; 2 predn\u00e9 vreck\u00e1, 1 \u013eav\u00e9 zdvojen\u00e9 stehenn\u00e9 vrecko; 2 zadn\u00e9 vreck\u00e1, 2 men\u0161ie zadn\u00e9 vreck\u00e1 na pravom stehne; dvojice na\u0161it\u00fdch 5 cm reflexn\u00fdch pruhov na spodnej \u010dasti nohav\u00edc, reflexn\u00e9 lemovky; Oxford 600D zosilnenie kolien s mo\u017enos\u0165ou horn\u00e9ho vkladania n\u00e1kolenn\u00edkov; mo\u017enos\u0165 prod\u013a\u017eenia nohav\u00edc.<\/p>\n","protected":false},"featured_media":347116,"template":"","meta":{"_acf_changed":false,"inline_featured_image":false},"product_brand":[],"product_cat":[2121,2127,2126],"product_tag":[1179],"class_list":{"0":"post-347114","1":"product","2":"type-product","3":"status-publish","4":"has-post-thumbnail","6":"product_cat-odevy","7":"product_cat-nohavice","8":"product_cat-nohavice-a-overaly","9":"product_tag-cerva","10":"pa_farba-cerna-zlta","11":"pa_velkost-3175","12":"pa_velkost-3121","13":"pa_velkost-3123","14":"pa_velkost-3155","15":"pa_velkost-3157","16":"pa_velkost-3158","17":"pa_velkost-3159","18":"pa_velkost-3160","19":"pa_velkost-3161","20":"pa_velkost-3162","21":"pa_velkost-3110","22":"pa_velkost-3174","23":"pa_velkost-3112","25":"first","26":"instock","27":"taxable","28":"shipping-taxable","29":"purchasable","30":"product-type-variable"},"acf":[],"_links":{"self":[{"href":"https:\/\/gajos.sk\/eshop\/wp-json\/wp\/v2\/product\/347114","targetHints":{"allow":["GET"]}}],"collection":[{"href":"https:\/\/gajos.sk\/eshop\/wp-json\/wp\/v2\/product"}],"about":[{"href":"https:\/\/gajos.sk\/eshop\/wp-json\/wp\/v2\/types\/product"}],"wp:featuredmedia":[{"embeddable":true,"href":"https:\/\/gajos.sk\/eshop\/wp-json\/wp\/v2\/media\/347116"}],"wp:attachment":[{"href":"https:\/\/gajos.sk\/eshop\/wp-json\/wp\/v2\/media?parent=347114"}],"wp:term":[{"taxonomy":"product_brand","embeddable":true,"href":"https:\/\/gajos.sk\/eshop\/wp-json\/wp\/v2\/product_brand?post=347114"},{"taxonomy":"product_cat","embeddable":true,"href":"https:\/\/gajos.sk\/eshop\/wp-json\/wp\/v2\/product_cat?post=347114"},{"taxonomy":"product_tag","embeddable":true,"href":"https:\/\/gajos.sk\/eshop\/wp-json\/wp\/v2\/product_tag?post=347114"}],"curies":[{"name":"wp","href":"https:\/\/api.w.org\/{rel}","templated":true}]}}