{"id":347030,"date":"2024-03-01T21:53:30","date_gmt":"2024-03-01T20:53:30","guid":{"rendered":"https:\/\/gajostest.a2hosted.com\/eshop\/max-vivo-hv-nohavice\/"},"modified":"2026-05-07T21:44:38","modified_gmt":"2026-05-07T19:44:38","slug":"max-vivo-hv-nohavice","status":"publish","type":"product","link":"https:\/\/gajos.sk\/eshop\/p\/max-vivo-hv-nohavice\/","title":{"rendered":"MAX VIVO HV nohavice"},"content":{"rendered":"","protected":false},"excerpt":{"rendered":"<p>p\u00e1nske HI-VIS pracovn\u00e9 nohavice s elastick\u00fdm p\u00e1som; 2 predn\u00e9 vreck\u00e1, 1 \u013eav\u00e9 zdvojen\u00e9 stehenn\u00e9 vrecko; 2 zadn\u00e9 vreck\u00e1, 2 men\u0161ie zadn\u00e9 vreck\u00e1 na pravom stehne; dvojice tla\u010den\u00fdch 7.5 cm reflexn\u00fdch pruhov na spodnej \u010dasti nohav\u00edc, reflexn\u00e9 lemovky; Oxford 600D zosilnenie kolien s mo\u017enos\u0165ou horn\u00e9ho vkladania n\u00e1kolenn\u00edkov; mo\u017enos\u0165 pred\u013a\u017eenia nohav\u00edc.<\/p>\n","protected":false},"featured_media":347032,"template":"","meta":{"_acf_changed":false,"inline_featured_image":false},"product_brand":[],"product_cat":[2121,2127,2126],"product_tag":[1179],"class_list":{"0":"post-347030","1":"product","2":"type-product","3":"status-publish","4":"has-post-thumbnail","6":"product_cat-odevy","7":"product_cat-nohavice","8":"product_cat-nohavice-a-overaly","9":"product_tag-cerva","10":"pa_farba-zlta","11":"pa_farba-oranzova","12":"pa_velkost-3161","13":"pa_velkost-3162","14":"pa_velkost-3110","15":"pa_velkost-3174","16":"pa_velkost-3112","17":"pa_velkost-3175","18":"pa_velkost-3121","19":"pa_velkost-3123","20":"pa_velkost-3155","21":"pa_velkost-3157","22":"pa_velkost-3158","23":"pa_velkost-3159","24":"pa_velkost-3160","26":"first","27":"instock","28":"taxable","29":"shipping-taxable","30":"purchasable","31":"product-type-variable"},"acf":[],"_links":{"self":[{"href":"https:\/\/gajos.sk\/eshop\/wp-json\/wp\/v2\/product\/347030","targetHints":{"allow":["GET"]}}],"collection":[{"href":"https:\/\/gajos.sk\/eshop\/wp-json\/wp\/v2\/product"}],"about":[{"href":"https:\/\/gajos.sk\/eshop\/wp-json\/wp\/v2\/types\/product"}],"wp:featuredmedia":[{"embeddable":true,"href":"https:\/\/gajos.sk\/eshop\/wp-json\/wp\/v2\/media\/347032"}],"wp:attachment":[{"href":"https:\/\/gajos.sk\/eshop\/wp-json\/wp\/v2\/media?parent=347030"}],"wp:term":[{"taxonomy":"product_brand","embeddable":true,"href":"https:\/\/gajos.sk\/eshop\/wp-json\/wp\/v2\/product_brand?post=347030"},{"taxonomy":"product_cat","embeddable":true,"href":"https:\/\/gajos.sk\/eshop\/wp-json\/wp\/v2\/product_cat?post=347030"},{"taxonomy":"product_tag","embeddable":true,"href":"https:\/\/gajos.sk\/eshop\/wp-json\/wp\/v2\/product_tag?post=347030"}],"curies":[{"name":"wp","href":"https:\/\/api.w.org\/{rel}","templated":true}]}}