{"id":346872,"date":"2024-03-01T21:51:40","date_gmt":"2024-03-01T20:51:40","guid":{"rendered":"https:\/\/gajostest.a2hosted.com\/eshop\/max-summer-lady-nohavice\/"},"modified":"2026-05-07T21:44:38","modified_gmt":"2026-05-07T19:44:38","slug":"max-summer-lady-nohavice","status":"publish","type":"product","link":"https:\/\/gajos.sk\/eshop\/p\/max-summer-lady-nohavice\/","title":{"rendered":"MAX SUMMER LADY nohavice"},"content":{"rendered":"","protected":false},"excerpt":{"rendered":"<p>\u013dahk\u00e9 d\u00e1mske pracovn\u00e9 nohavice s elastick\u00fdm p\u00e1som; 2 predn\u00e9 vreck\u00e1, 2 stehenn\u00e9 vreck\u00e1; 2 zadn\u00e9 vreck\u00e1; zosilnenie nohav\u00edc v oblasti kolien; nastavite\u013en\u00e1 d\u013a\u017eka nohav\u00edc.<\/p>\n","protected":false},"featured_media":346874,"template":"","meta":{"_acf_changed":false,"inline_featured_image":false},"product_brand":[],"product_cat":[2121,2127,2126],"product_tag":[1179],"class_list":{"0":"post-346872","1":"product","2":"type-product","3":"status-publish","4":"has-post-thumbnail","6":"product_cat-odevy","7":"product_cat-nohavice","8":"product_cat-nohavice-a-overaly","9":"product_tag-cerva","10":"pa_farba-zelena-cierna","11":"pa_farba-petrolejova-cierna","12":"pa_farba-antracit-cierna","13":"pa_farba-siva-sv-fialova","14":"pa_farba-pieskova","15":"pa_farba-biela-siva","16":"pa_farba-modra-cierna","17":"pa_velkost-3161","18":"pa_velkost-3110","19":"pa_velkost-3112","20":"pa_velkost-3114","21":"pa_velkost-3116","22":"pa_velkost-3195","23":"pa_velkost-3118","24":"pa_velkost-3120","25":"pa_velkost-3121","26":"pa_velkost-3123","27":"pa_velkost-3160","29":"first","30":"instock","31":"taxable","32":"shipping-taxable","33":"purchasable","34":"product-type-variable"},"acf":[],"_links":{"self":[{"href":"https:\/\/gajos.sk\/eshop\/wp-json\/wp\/v2\/product\/346872","targetHints":{"allow":["GET"]}}],"collection":[{"href":"https:\/\/gajos.sk\/eshop\/wp-json\/wp\/v2\/product"}],"about":[{"href":"https:\/\/gajos.sk\/eshop\/wp-json\/wp\/v2\/types\/product"}],"wp:featuredmedia":[{"embeddable":true,"href":"https:\/\/gajos.sk\/eshop\/wp-json\/wp\/v2\/media\/346874"}],"wp:attachment":[{"href":"https:\/\/gajos.sk\/eshop\/wp-json\/wp\/v2\/media?parent=346872"}],"wp:term":[{"taxonomy":"product_brand","embeddable":true,"href":"https:\/\/gajos.sk\/eshop\/wp-json\/wp\/v2\/product_brand?post=346872"},{"taxonomy":"product_cat","embeddable":true,"href":"https:\/\/gajos.sk\/eshop\/wp-json\/wp\/v2\/product_cat?post=346872"},{"taxonomy":"product_tag","embeddable":true,"href":"https:\/\/gajos.sk\/eshop\/wp-json\/wp\/v2\/product_tag?post=346872"}],"curies":[{"name":"wp","href":"https:\/\/api.w.org\/{rel}","templated":true}]}}