{"id":346683,"date":"2024-03-01T21:49:42","date_gmt":"2024-03-01T20:49:42","guid":{"rendered":"https:\/\/gajostest.a2hosted.com\/eshop\/ff-hans-nohavice\/"},"modified":"2026-04-18T01:46:40","modified_gmt":"2026-04-17T23:46:40","slug":"ff-hans-nohavice","status":"publish","type":"product","link":"https:\/\/gajos.sk\/eshop\/p\/ff-hans-nohavice\/","title":{"rendered":"FF HANS nohavice"},"content":{"rendered":"","protected":false},"excerpt":{"rendered":"<p>p\u00e1nske bavlnen\u00e9 pracovn\u00e9 nohavice; 6 funk\u010dn\u00fdch vreciek; polyesterov\u00e1 oxfordsk\u00e1 v\u00fdstu\u017e v kolenn\u00fdch \u010dastiach s mo\u017enos\u0165ou vlo\u017eenia ochrann\u00fdch kolenn\u00fdch dosiek; Nastavite\u013en\u00e1 d\u013a\u017eka nohy.<\/p>\n","protected":false},"featured_media":346685,"template":"","meta":{"_acf_changed":false,"inline_featured_image":false},"product_brand":[],"product_cat":[2121,2127,2126],"product_tag":[1228],"class_list":{"0":"post-346683","1":"product","2":"type-product","3":"status-publish","4":"has-post-thumbnail","6":"product_cat-odevy","7":"product_cat-nohavice","8":"product_cat-nohavice-a-overaly","9":"product_tag-fridrich-fridrich","10":"pa_farba-cierna-antracit","11":"pa_farba-biela-siva","12":"pa_farba-cervena-antracit","13":"pa_farba-zelena-antracit","14":"pa_farba-r-modra-antracit","15":"pa_farba-siva-antracit","16":"pa_velkost-3155","17":"pa_velkost-3157","18":"pa_velkost-3158","19":"pa_velkost-3159","20":"pa_velkost-3160","21":"pa_velkost-3161","22":"pa_velkost-3162","23":"pa_velkost-3110","24":"pa_velkost-3121","25":"pa_velkost-3123","27":"first","28":"instock","29":"taxable","30":"shipping-taxable","31":"purchasable","32":"product-type-variable"},"acf":[],"_links":{"self":[{"href":"https:\/\/gajos.sk\/eshop\/wp-json\/wp\/v2\/product\/346683","targetHints":{"allow":["GET"]}}],"collection":[{"href":"https:\/\/gajos.sk\/eshop\/wp-json\/wp\/v2\/product"}],"about":[{"href":"https:\/\/gajos.sk\/eshop\/wp-json\/wp\/v2\/types\/product"}],"wp:featuredmedia":[{"embeddable":true,"href":"https:\/\/gajos.sk\/eshop\/wp-json\/wp\/v2\/media\/346685"}],"wp:attachment":[{"href":"https:\/\/gajos.sk\/eshop\/wp-json\/wp\/v2\/media?parent=346683"}],"wp:term":[{"taxonomy":"product_brand","embeddable":true,"href":"https:\/\/gajos.sk\/eshop\/wp-json\/wp\/v2\/product_brand?post=346683"},{"taxonomy":"product_cat","embeddable":true,"href":"https:\/\/gajos.sk\/eshop\/wp-json\/wp\/v2\/product_cat?post=346683"},{"taxonomy":"product_tag","embeddable":true,"href":"https:\/\/gajos.sk\/eshop\/wp-json\/wp\/v2\/product_tag?post=346683"}],"curies":[{"name":"wp","href":"https:\/\/api.w.org\/{rel}","templated":true}]}}