{"id":346648,"date":"2024-03-01T21:49:24","date_gmt":"2024-03-01T20:49:24","guid":{"rendered":"https:\/\/gajostest.a2hosted.com\/eshop\/dayboro-lady-nohavice\/"},"modified":"2026-05-07T21:44:38","modified_gmt":"2026-05-07T19:44:38","slug":"dayboro-lady-nohavice","status":"publish","type":"product","link":"https:\/\/gajos.sk\/eshop\/p\/dayboro-lady-nohavice\/","title":{"rendered":"DAYBORO LADY nohavice"},"content":{"rendered":"","protected":false},"excerpt":{"rendered":"<p>d\u00e1mske pracovn\u00e9 nohavice s pru\u017en\u00fdm p\u00e1som; elastick\u00fd inovat\u00edvny materi\u00e1l TRIFIBETEX\u00ae; odoln\u00e9 trojit\u00e9 pre\u0161itie nohav\u00edc a sedu; Oxford 600D zosilnenie v oblasti kolien s mo\u017enos\u0165ou vkladania kolenn\u00fdch v\u00fdstuh; priestrann\u00e9 multifunk\u010dn\u00e9 predn\u00e9 vreck\u00e1 s p\u00fatkami na n\u00e1radie; reflexn\u00e9 prvky vo farebnom odtieni; nastavite\u013en\u00e1 d\u013a\u017eka nohav\u00edc.<\/p>\n","protected":false},"featured_media":346650,"template":"","meta":{"_acf_changed":false,"inline_featured_image":false},"product_brand":[],"product_cat":[2121,2127,2126],"product_tag":[1179],"class_list":{"0":"post-346648","1":"product","2":"type-product","3":"status-publish","4":"has-post-thumbnail","6":"product_cat-odevy","7":"product_cat-nohavice","8":"product_cat-nohavice-a-overaly","9":"product_tag-cerva","10":"pa_farba-navy","11":"pa_farba-cierna","12":"pa_farba-antracit","13":"pa_velkost-3116","14":"pa_velkost-3118","15":"pa_velkost-3120","16":"pa_velkost-3121","17":"pa_velkost-3123","18":"pa_velkost-3160","19":"pa_velkost-3161","20":"pa_velkost-3110","21":"pa_velkost-3112","22":"pa_velkost-3195","23":"pa_velkost-3114","25":"first","26":"instock","27":"taxable","28":"shipping-taxable","29":"purchasable","30":"product-type-variable"},"acf":[],"_links":{"self":[{"href":"https:\/\/gajos.sk\/eshop\/wp-json\/wp\/v2\/product\/346648","targetHints":{"allow":["GET"]}}],"collection":[{"href":"https:\/\/gajos.sk\/eshop\/wp-json\/wp\/v2\/product"}],"about":[{"href":"https:\/\/gajos.sk\/eshop\/wp-json\/wp\/v2\/types\/product"}],"wp:featuredmedia":[{"embeddable":true,"href":"https:\/\/gajos.sk\/eshop\/wp-json\/wp\/v2\/media\/346650"}],"wp:attachment":[{"href":"https:\/\/gajos.sk\/eshop\/wp-json\/wp\/v2\/media?parent=346648"}],"wp:term":[{"taxonomy":"product_brand","embeddable":true,"href":"https:\/\/gajos.sk\/eshop\/wp-json\/wp\/v2\/product_brand?post=346648"},{"taxonomy":"product_cat","embeddable":true,"href":"https:\/\/gajos.sk\/eshop\/wp-json\/wp\/v2\/product_cat?post=346648"},{"taxonomy":"product_tag","embeddable":true,"href":"https:\/\/gajos.sk\/eshop\/wp-json\/wp\/v2\/product_tag?post=346648"}],"curies":[{"name":"wp","href":"https:\/\/api.w.org\/{rel}","templated":true}]}}