{"id":346558,"date":"2024-03-01T21:47:57","date_gmt":"2024-03-01T20:47:57","guid":{"rendered":"https:\/\/gajostest.a2hosted.com\/eshop\/burgos-hv-nohavice\/"},"modified":"2026-05-07T21:44:38","modified_gmt":"2026-05-07T19:44:38","slug":"burgos-hv-nohavice","status":"publish","type":"product","link":"https:\/\/gajos.sk\/eshop\/p\/burgos-hv-nohavice\/","title":{"rendered":"BURGOS HV nohavice"},"content":{"rendered":"","protected":false},"excerpt":{"rendered":"<p>p\u00e1nske Hi-Vis pracovn\u00e9 nohavice s reflexn\u00fdmi doplnkami o ve\u013ekosti 7 cm, elastick\u00fd p\u00e1s, 2 priestrann\u00e9 vreck\u00e1 + 1 vrecko na drobn\u00e9, 2 stehenn\u00e9 vreck\u00e1, 2 zadn\u00e9 vreck\u00e1, nastavite\u013en\u00e1 d\u013a\u017eka nohav\u00edc<\/p>\n","protected":false},"featured_media":346560,"template":"","meta":{"_acf_changed":false,"inline_featured_image":false},"product_brand":[],"product_cat":[2127,2121,2126],"product_tag":[1179],"class_list":{"0":"post-346558","1":"product","2":"type-product","3":"status-publish","4":"has-post-thumbnail","6":"product_cat-nohavice","7":"product_cat-odevy","8":"product_cat-nohavice-a-overaly","9":"product_tag-cerva","10":"pa_farba-oranzova-navy","11":"pa_farba-zlta-navy","12":"pa_velkost-3160","13":"pa_velkost-3161","14":"pa_velkost-3162","15":"pa_velkost-3110","16":"pa_velkost-3112","17":"pa_velkost-3121","18":"pa_velkost-3175","19":"pa_velkost-3123","20":"pa_velkost-3155","21":"pa_velkost-3157","22":"pa_velkost-3158","23":"pa_velkost-3159","25":"first","26":"instock","27":"taxable","28":"shipping-taxable","29":"purchasable","30":"product-type-variable"},"acf":[],"_links":{"self":[{"href":"https:\/\/gajos.sk\/eshop\/wp-json\/wp\/v2\/product\/346558","targetHints":{"allow":["GET"]}}],"collection":[{"href":"https:\/\/gajos.sk\/eshop\/wp-json\/wp\/v2\/product"}],"about":[{"href":"https:\/\/gajos.sk\/eshop\/wp-json\/wp\/v2\/types\/product"}],"wp:featuredmedia":[{"embeddable":true,"href":"https:\/\/gajos.sk\/eshop\/wp-json\/wp\/v2\/media\/346560"}],"wp:attachment":[{"href":"https:\/\/gajos.sk\/eshop\/wp-json\/wp\/v2\/media?parent=346558"}],"wp:term":[{"taxonomy":"product_brand","embeddable":true,"href":"https:\/\/gajos.sk\/eshop\/wp-json\/wp\/v2\/product_brand?post=346558"},{"taxonomy":"product_cat","embeddable":true,"href":"https:\/\/gajos.sk\/eshop\/wp-json\/wp\/v2\/product_cat?post=346558"},{"taxonomy":"product_tag","embeddable":true,"href":"https:\/\/gajos.sk\/eshop\/wp-json\/wp\/v2\/product_tag?post=346558"}],"curies":[{"name":"wp","href":"https:\/\/api.w.org\/{rel}","templated":true}]}}