{"id":346496,"date":"2024-03-01T21:47:41","date_gmt":"2024-03-01T20:47:41","guid":{"rendered":"https:\/\/gajostest.a2hosted.com\/eshop\/huelva-rflx-nohavice\/"},"modified":"2026-05-07T21:44:38","modified_gmt":"2026-05-07T19:44:38","slug":"huelva-rflx-nohavice","status":"publish","type":"product","link":"https:\/\/gajos.sk\/eshop\/p\/huelva-rflx-nohavice\/","title":{"rendered":"HUELVA RFLX nohavice"},"content":{"rendered":"","protected":false},"excerpt":{"rendered":"<p>p\u00e1nske pracovn\u00e9 nohavice so 7 cm reflexn\u00fdmi doplnkami a elastick\u00fdm p\u00e1som, 2 bo\u010dn\u00e9 vreck\u00e1 + 1 vrecko na drobn\u00e9, 2 stehenn\u00e9 vreck\u00e1, 2 zadn\u00e9 vreck\u00e1, nastavite\u013en\u00e1 d\u013a\u017eka nohav\u00edc<\/p>\n","protected":false},"featured_media":346498,"template":"","meta":{"_acf_changed":false,"inline_featured_image":false},"product_brand":[],"product_cat":[2121,2127,2126],"product_tag":[1179],"class_list":{"0":"post-346496","1":"product","2":"type-product","3":"status-publish","4":"has-post-thumbnail","6":"product_cat-odevy","7":"product_cat-nohavice","8":"product_cat-nohavice-a-overaly","9":"product_tag-cerva","10":"pa_farba-royal-modra","11":"pa_farba-tm-zelena","12":"pa_farba-navy","13":"pa_farba-cervena","14":"pa_farba-cierna","15":"pa_farba-siva","16":"pa_velkost-3110","17":"pa_velkost-3121","18":"pa_velkost-3123","19":"pa_velkost-3155","20":"pa_velkost-3157","21":"pa_velkost-3158","22":"pa_velkost-3159","23":"pa_velkost-3160","24":"pa_velkost-3161","25":"pa_velkost-3162","27":"first","28":"instock","29":"taxable","30":"shipping-taxable","31":"purchasable","32":"product-type-variable"},"acf":[],"_links":{"self":[{"href":"https:\/\/gajos.sk\/eshop\/wp-json\/wp\/v2\/product\/346496","targetHints":{"allow":["GET"]}}],"collection":[{"href":"https:\/\/gajos.sk\/eshop\/wp-json\/wp\/v2\/product"}],"about":[{"href":"https:\/\/gajos.sk\/eshop\/wp-json\/wp\/v2\/types\/product"}],"wp:featuredmedia":[{"embeddable":true,"href":"https:\/\/gajos.sk\/eshop\/wp-json\/wp\/v2\/media\/346498"}],"wp:attachment":[{"href":"https:\/\/gajos.sk\/eshop\/wp-json\/wp\/v2\/media?parent=346496"}],"wp:term":[{"taxonomy":"product_brand","embeddable":true,"href":"https:\/\/gajos.sk\/eshop\/wp-json\/wp\/v2\/product_brand?post=346496"},{"taxonomy":"product_cat","embeddable":true,"href":"https:\/\/gajos.sk\/eshop\/wp-json\/wp\/v2\/product_cat?post=346496"},{"taxonomy":"product_tag","embeddable":true,"href":"https:\/\/gajos.sk\/eshop\/wp-json\/wp\/v2\/product_tag?post=346496"}],"curies":[{"name":"wp","href":"https:\/\/api.w.org\/{rel}","templated":true}]}}