{"id":346327,"date":"2024-03-01T21:45:53","date_gmt":"2024-03-01T20:45:53","guid":{"rendered":"https:\/\/gajostest.a2hosted.com\/eshop\/neurum-camou-nohavice\/"},"modified":"2026-05-07T21:44:37","modified_gmt":"2026-05-07T19:44:37","slug":"neurum-camou-nohavice","status":"publish","type":"product","link":"https:\/\/gajos.sk\/eshop\/p\/neurum-camou-nohavice\/","title":{"rendered":"NEURUM CAMOU nohavice"},"content":{"rendered":"","protected":false},"excerpt":{"rendered":"<p>pracovn\u00e9 nohavice, elastick\u00fd inovat\u00edvny materi\u00e1l TRIFIBETEX, slim strih, zn\u00ed\u017een\u00fd pru\u017en\u00fd p\u00e1s, odoln\u00e9 trojit\u00e9 pre\u0161itie nohav\u00edc a sedu, 2 predn\u00e9 kl\u00ednov\u00e9 vreck\u00e1, 2 zadn\u00e9 vreck\u00e1 na such\u00fd zips, \u013eav\u00e9 stehenn\u00e9 multifunk\u010dn\u00e9 vrecko, prav\u00e9 stehenn\u00e9 vrecko na meter a n\u00f4\u017e, &#8222;D&#8220; kr\u00fa\u017eok, p\u00fatko na n\u00e1radie v p\u00e1se, CORDURA zesilnen\u00e1 v oblasti kolien, origin\u00e1lne spracovanie zap\u00ednania nohav\u00edc, reflexn\u00e9 prvky vo farebnom odtieni, nastavite\u013en\u00e1 d\u013a\u017eka nohav\u00edc, mo\u017enos\u0165 pred\u013a\u017eenia a\u017e o 5 cm. Materi\u00e1l: 62% bavlna, 35% polyester, 3% Spandex\u00ae, twill, 260 g\/m2<\/p>\n","protected":false},"featured_media":346329,"template":"","meta":{"_acf_changed":false,"inline_featured_image":false},"product_brand":[],"product_cat":[2127,2121,2126],"product_tag":[1179],"class_list":{"0":"post-346327","1":"product","2":"type-product","3":"status-publish","4":"has-post-thumbnail","6":"product_cat-nohavice","7":"product_cat-odevy","8":"product_cat-nohavice-a-overaly","9":"product_tag-cerva","10":"pa_farba-antracit","11":"pa_farba-petrolejova","12":"pa_farba-navy","13":"pa_farba-tm-olivova","14":"pa_velkost-3160","15":"pa_velkost-3161","16":"pa_velkost-3162","17":"pa_velkost-3110","18":"pa_velkost-3121","19":"pa_velkost-3123","20":"pa_velkost-3155","21":"pa_velkost-3157","22":"pa_velkost-3158","23":"pa_velkost-3159","25":"first","26":"instock","27":"taxable","28":"shipping-taxable","29":"purchasable","30":"product-type-variable"},"acf":[],"_links":{"self":[{"href":"https:\/\/gajos.sk\/eshop\/wp-json\/wp\/v2\/product\/346327","targetHints":{"allow":["GET"]}}],"collection":[{"href":"https:\/\/gajos.sk\/eshop\/wp-json\/wp\/v2\/product"}],"about":[{"href":"https:\/\/gajos.sk\/eshop\/wp-json\/wp\/v2\/types\/product"}],"wp:featuredmedia":[{"embeddable":true,"href":"https:\/\/gajos.sk\/eshop\/wp-json\/wp\/v2\/media\/346329"}],"wp:attachment":[{"href":"https:\/\/gajos.sk\/eshop\/wp-json\/wp\/v2\/media?parent=346327"}],"wp:term":[{"taxonomy":"product_brand","embeddable":true,"href":"https:\/\/gajos.sk\/eshop\/wp-json\/wp\/v2\/product_brand?post=346327"},{"taxonomy":"product_cat","embeddable":true,"href":"https:\/\/gajos.sk\/eshop\/wp-json\/wp\/v2\/product_cat?post=346327"},{"taxonomy":"product_tag","embeddable":true,"href":"https:\/\/gajos.sk\/eshop\/wp-json\/wp\/v2\/product_tag?post=346327"}],"curies":[{"name":"wp","href":"https:\/\/api.w.org\/{rel}","templated":true}]}}