{"id":346231,"date":"2024-03-01T21:45:20","date_gmt":"2024-03-01T20:45:20","guid":{"rendered":"https:\/\/gajostest.a2hosted.com\/eshop\/reusel-nohavice\/"},"modified":"2026-04-15T21:48:51","modified_gmt":"2026-04-15T19:48:51","slug":"reusel-nohavice","status":"publish","type":"product","link":"https:\/\/gajos.sk\/eshop\/p\/reusel-nohavice\/","title":{"rendered":"REUSEL nohavice"},"content":{"rendered":"","protected":false},"excerpt":{"rendered":"<p>p\u00e1nske pracovn\u00e9 nohavice s pru\u017en\u00fdm p\u00e1som a multifunk\u010dn\u00fdmi vreckami; Oxford 600D zosilnenie kolenn\u00fdch vreciek pre vkladanie ochrann\u00fdch n\u00e1kolenn\u00edkov; odoln\u00e9 trojit\u00e9 pre\u0161itie nohav\u00edc a sedu; reflexn\u00e9 prvky; nastavite\u013en\u00e1 d\u013a\u017eka nohav\u00edc.<\/p>\n","protected":false},"featured_media":346233,"template":"","meta":{"_acf_changed":false,"inline_featured_image":false},"product_brand":[],"product_cat":[2121,2127,2126],"product_tag":[1274],"class_list":{"0":"post-346231","1":"product","2":"type-product","3":"status-publish","4":"has-post-thumbnail","6":"product_cat-odevy","7":"product_cat-nohavice","8":"product_cat-nohavice-a-overaly","9":"product_tag-safeworker","10":"pa_farba-antracit-cervena","11":"pa_velkost-3158","12":"pa_velkost-3159","13":"pa_velkost-3160","14":"pa_velkost-3161","15":"pa_velkost-3162","16":"pa_velkost-3110","17":"pa_velkost-3121","18":"pa_velkost-3123","19":"pa_velkost-3155","20":"pa_velkost-3157","22":"first","23":"instock","24":"taxable","25":"shipping-taxable","26":"product-type-variable"},"acf":[],"_links":{"self":[{"href":"https:\/\/gajos.sk\/eshop\/wp-json\/wp\/v2\/product\/346231","targetHints":{"allow":["GET"]}}],"collection":[{"href":"https:\/\/gajos.sk\/eshop\/wp-json\/wp\/v2\/product"}],"about":[{"href":"https:\/\/gajos.sk\/eshop\/wp-json\/wp\/v2\/types\/product"}],"wp:featuredmedia":[{"embeddable":true,"href":"https:\/\/gajos.sk\/eshop\/wp-json\/wp\/v2\/media\/346233"}],"wp:attachment":[{"href":"https:\/\/gajos.sk\/eshop\/wp-json\/wp\/v2\/media?parent=346231"}],"wp:term":[{"taxonomy":"product_brand","embeddable":true,"href":"https:\/\/gajos.sk\/eshop\/wp-json\/wp\/v2\/product_brand?post=346231"},{"taxonomy":"product_cat","embeddable":true,"href":"https:\/\/gajos.sk\/eshop\/wp-json\/wp\/v2\/product_cat?post=346231"},{"taxonomy":"product_tag","embeddable":true,"href":"https:\/\/gajos.sk\/eshop\/wp-json\/wp\/v2\/product_tag?post=346231"}],"curies":[{"name":"wp","href":"https:\/\/api.w.org\/{rel}","templated":true}]}}