{"id":346114,"date":"2024-03-01T21:43:42","date_gmt":"2024-03-01T20:43:42","guid":{"rendered":"https:\/\/gajostest.a2hosted.com\/eshop\/arlier-9896n-bunda-hv\/"},"modified":"2026-04-15T21:48:51","modified_gmt":"2026-04-15T19:48:51","slug":"arlier-9896n-bunda-hv","status":"publish","type":"product","link":"https:\/\/gajos.sk\/eshop\/p\/arlier-9896n-bunda-hv\/","title":{"rendered":"ARLIER 9896N bunda HV"},"content":{"rendered":"","protected":false},"excerpt":{"rendered":"<p>p\u00e1nska Hi-Vis fleecov\u00e1 bunda so stoja\u010dikom; zap\u00ednanie na zips pokryt\u00e9 chlop\u0148ou so zap\u00ednan\u00edm na patentky; ochrana pred tepeln\u00fdmi \u00fa\u010dinkami elektrick\u00e9ho obl\u00faka a statickej elektriny; 2 bo\u010dn\u00e9 vreck\u00e1 a 2 vn\u00fatorn\u00e9 vreck\u00e1; Elastick\u00e9 konce man\u017eiet, ruk\u00e1vov a spodn\u00e9ho okraja.<\/p>\n","protected":false},"featured_media":346116,"template":"","meta":{"_acf_changed":false,"inline_featured_image":false},"product_brand":[],"product_cat":[2121,2122,2123],"product_tag":[1238],"class_list":{"0":"post-346114","1":"product","2":"type-product","3":"status-publish","4":"has-post-thumbnail","6":"product_cat-odevy","7":"product_cat-bundy-a-kabaty","8":"product_cat-bundy","9":"product_tag-sioen","10":"pa_farba-zlta-navy","11":"pa_velkost-xl","12":"pa_velkost-l","13":"pa_velkost-m","14":"pa_velkost-s","15":"pa_velkost-3xl","16":"pa_velkost-xxl","18":"first","19":"instock","20":"taxable","21":"shipping-taxable","22":"purchasable","23":"product-type-variable"},"acf":[],"_links":{"self":[{"href":"https:\/\/gajos.sk\/eshop\/wp-json\/wp\/v2\/product\/346114","targetHints":{"allow":["GET"]}}],"collection":[{"href":"https:\/\/gajos.sk\/eshop\/wp-json\/wp\/v2\/product"}],"about":[{"href":"https:\/\/gajos.sk\/eshop\/wp-json\/wp\/v2\/types\/product"}],"wp:featuredmedia":[{"embeddable":true,"href":"https:\/\/gajos.sk\/eshop\/wp-json\/wp\/v2\/media\/346116"}],"wp:attachment":[{"href":"https:\/\/gajos.sk\/eshop\/wp-json\/wp\/v2\/media?parent=346114"}],"wp:term":[{"taxonomy":"product_brand","embeddable":true,"href":"https:\/\/gajos.sk\/eshop\/wp-json\/wp\/v2\/product_brand?post=346114"},{"taxonomy":"product_cat","embeddable":true,"href":"https:\/\/gajos.sk\/eshop\/wp-json\/wp\/v2\/product_cat?post=346114"},{"taxonomy":"product_tag","embeddable":true,"href":"https:\/\/gajos.sk\/eshop\/wp-json\/wp\/v2\/product_tag?post=346114"}],"curies":[{"name":"wp","href":"https:\/\/api.w.org\/{rel}","templated":true}]}}