{"id":346068,"date":"2024-03-01T21:43:27","date_gmt":"2024-03-01T20:43:27","guid":{"rendered":"https:\/\/gajostest.a2hosted.com\/eshop\/taurus-bunda\/"},"modified":"2026-05-07T21:42:28","modified_gmt":"2026-05-07T19:42:28","slug":"taurus-bunda","status":"publish","type":"product","link":"https:\/\/gajos.sk\/eshop\/p\/taurus-bunda\/","title":{"rendered":"TAURUS bunda"},"content":{"rendered":"","protected":false},"excerpt":{"rendered":"<p>modern\u00e1 p\u00e1nska pracovn\u00e1 bunda so zap\u00ednan\u00edm na zips kryt\u00fdm l\u00e9gou na cvoky; 2 n\u00e1prsn\u00e9 vreck\u00e1 s chlop\u0148ou; 1 Napoleon vrecko vpravo; 2 bo\u010dn\u00e9 vreck\u00e1 na zips; nastavite\u013en\u00fd obvod man\u017eiet ruk\u00e1vov pomocou cvokov; reflexn\u00e9 paspulky pre lep\u0161iu vidite\u013enos\u0165.<\/p>\n","protected":false},"featured_media":346070,"template":"","meta":{"_acf_changed":false,"inline_featured_image":false},"product_brand":[],"product_cat":[2121,2122,2123],"product_tag":[2387],"class_list":{"0":"post-346068","1":"product","2":"type-product","3":"status-publish","4":"has-post-thumbnail","6":"product_cat-odevy","7":"product_cat-bundy-a-kabaty","8":"product_cat-bundy","9":"product_tag-litz","10":"pa_farba-cierna","11":"pa_farba-siva","12":"pa_farba-navy","13":"pa_velkost-3155","14":"pa_velkost-3157","15":"pa_velkost-3158","16":"pa_velkost-3159","17":"pa_velkost-3160","18":"pa_velkost-3110","19":"pa_velkost-3161","20":"pa_velkost-3112","21":"pa_velkost-3162","22":"pa_velkost-3114","23":"pa_velkost-3121","24":"pa_velkost-3123","26":"first","27":"instock","28":"taxable","29":"shipping-taxable","30":"purchasable","31":"product-type-variable"},"acf":[],"_links":{"self":[{"href":"https:\/\/gajos.sk\/eshop\/wp-json\/wp\/v2\/product\/346068","targetHints":{"allow":["GET"]}}],"collection":[{"href":"https:\/\/gajos.sk\/eshop\/wp-json\/wp\/v2\/product"}],"about":[{"href":"https:\/\/gajos.sk\/eshop\/wp-json\/wp\/v2\/types\/product"}],"wp:featuredmedia":[{"embeddable":true,"href":"https:\/\/gajos.sk\/eshop\/wp-json\/wp\/v2\/media\/346070"}],"wp:attachment":[{"href":"https:\/\/gajos.sk\/eshop\/wp-json\/wp\/v2\/media?parent=346068"}],"wp:term":[{"taxonomy":"product_brand","embeddable":true,"href":"https:\/\/gajos.sk\/eshop\/wp-json\/wp\/v2\/product_brand?post=346068"},{"taxonomy":"product_cat","embeddable":true,"href":"https:\/\/gajos.sk\/eshop\/wp-json\/wp\/v2\/product_cat?post=346068"},{"taxonomy":"product_tag","embeddable":true,"href":"https:\/\/gajos.sk\/eshop\/wp-json\/wp\/v2\/product_tag?post=346068"}],"curies":[{"name":"wp","href":"https:\/\/api.w.org\/{rel}","templated":true}]}}