{"id":346003,"date":"2024-03-01T21:41:41","date_gmt":"2024-03-01T20:41:41","guid":{"rendered":"https:\/\/gajostest.a2hosted.com\/eshop\/multinorm-ride-fr-hv-bunda\/"},"modified":"2026-05-07T21:42:28","modified_gmt":"2026-05-07T19:42:28","slug":"multinorm-ride-fr-hv-bunda","status":"publish","type":"product","link":"https:\/\/gajos.sk\/eshop\/p\/multinorm-ride-fr-hv-bunda\/","title":{"rendered":"MULTINORM RIDE FR HV bunda"},"content":{"rendered":"","protected":false},"excerpt":{"rendered":"<p>HI-VIS multinormn\u00e1 bunda so zap\u00ednan\u00edm na zips kryt\u00fd l\u00e9gou na such\u00fd zips; 2 n\u00e1prsn\u00e9 vreck\u00e1 s pr\u00edklopkou na such\u00fd zips; dvojica 5 cm \u0161it\u00fdch reflexn\u00fdch pruhov okolo ruk\u00e1vov a bokov; nastavite\u013en\u00fd obvod man\u017eiet ruk\u00e1vov o golier pomocou such\u00e9ho zipsu.<\/p>\n","protected":false},"featured_media":346005,"template":"","meta":{"_acf_changed":false,"inline_featured_image":false},"product_brand":[],"product_cat":[2121,2122,2123],"product_tag":[1179],"class_list":{"0":"post-346003","1":"product","2":"type-product","3":"status-publish","4":"has-post-thumbnail","6":"product_cat-odevy","7":"product_cat-bundy-a-kabaty","8":"product_cat-bundy","9":"product_tag-cerva","10":"pa_farba-zlta-navy","11":"pa_velkost-3xl","12":"pa_velkost-xxl","13":"pa_velkost-4xl","14":"pa_velkost-xs","15":"pa_velkost-xl","16":"pa_velkost-l","17":"pa_velkost-m","18":"pa_velkost-s","20":"first","21":"instock","22":"taxable","23":"shipping-taxable","24":"purchasable","25":"product-type-variable"},"acf":[],"_links":{"self":[{"href":"https:\/\/gajos.sk\/eshop\/wp-json\/wp\/v2\/product\/346003","targetHints":{"allow":["GET"]}}],"collection":[{"href":"https:\/\/gajos.sk\/eshop\/wp-json\/wp\/v2\/product"}],"about":[{"href":"https:\/\/gajos.sk\/eshop\/wp-json\/wp\/v2\/types\/product"}],"wp:featuredmedia":[{"embeddable":true,"href":"https:\/\/gajos.sk\/eshop\/wp-json\/wp\/v2\/media\/346005"}],"wp:attachment":[{"href":"https:\/\/gajos.sk\/eshop\/wp-json\/wp\/v2\/media?parent=346003"}],"wp:term":[{"taxonomy":"product_brand","embeddable":true,"href":"https:\/\/gajos.sk\/eshop\/wp-json\/wp\/v2\/product_brand?post=346003"},{"taxonomy":"product_cat","embeddable":true,"href":"https:\/\/gajos.sk\/eshop\/wp-json\/wp\/v2\/product_cat?post=346003"},{"taxonomy":"product_tag","embeddable":true,"href":"https:\/\/gajos.sk\/eshop\/wp-json\/wp\/v2\/product_tag?post=346003"}],"curies":[{"name":"wp","href":"https:\/\/api.w.org\/{rel}","templated":true}]}}