{"id":345852,"date":"2024-03-01T21:39:29","date_gmt":"2024-03-01T20:39:29","guid":{"rendered":"https:\/\/gajostest.a2hosted.com\/eshop\/max-vivo-bunda\/"},"modified":"2026-05-07T21:42:28","modified_gmt":"2026-05-07T19:42:28","slug":"max-vivo-bunda","status":"publish","type":"product","link":"https:\/\/gajos.sk\/eshop\/p\/max-vivo-bunda\/","title":{"rendered":"MAX VIVO bunda"},"content":{"rendered":"","protected":false},"excerpt":{"rendered":"<p>p\u00e1nska pracovn\u00e1 bunda so zap\u00ednan\u00edm na zips; odop\u00ednate\u013en\u00e9 ruk\u00e1vy; 2 predn\u00e9 vreck\u00e1, 2 n\u00e1prsn\u00e9 vreck\u00e1; zosilnenie nam\u00e1han\u00fdch miest lak\u0165ov a ramien; reflexn\u00e9 lemovky; pru\u017en\u00e9 n\u00e1plety man\u017eiet ruk\u00e1vov a elastick\u00fd spodn\u00fd obvod p\u00e1su.<\/p>\n","protected":false},"featured_media":345854,"template":"","meta":{"_acf_changed":false,"inline_featured_image":false},"product_brand":[],"product_cat":[2121,2122,2123],"product_tag":[1179],"class_list":{"0":"post-345852","1":"product","2":"type-product","3":"status-publish","4":"has-post-thumbnail","6":"product_cat-odevy","7":"product_cat-bundy-a-kabaty","8":"product_cat-bundy","9":"product_tag-cerva","10":"pa_farba-cerna-zlta","11":"pa_farba-cierna-oranzova","12":"pa_velkost-3155","13":"pa_velkost-3157","14":"pa_velkost-3158","15":"pa_velkost-3159","16":"pa_velkost-3160","17":"pa_velkost-3161","18":"pa_velkost-3162","19":"pa_velkost-3110","20":"pa_velkost-3174","21":"pa_velkost-3112","22":"pa_velkost-3175","23":"pa_velkost-3121","24":"pa_velkost-3123","26":"first","27":"instock","28":"taxable","29":"shipping-taxable","30":"purchasable","31":"product-type-variable"},"acf":[],"_links":{"self":[{"href":"https:\/\/gajos.sk\/eshop\/wp-json\/wp\/v2\/product\/345852","targetHints":{"allow":["GET"]}}],"collection":[{"href":"https:\/\/gajos.sk\/eshop\/wp-json\/wp\/v2\/product"}],"about":[{"href":"https:\/\/gajos.sk\/eshop\/wp-json\/wp\/v2\/types\/product"}],"wp:featuredmedia":[{"embeddable":true,"href":"https:\/\/gajos.sk\/eshop\/wp-json\/wp\/v2\/media\/345854"}],"wp:attachment":[{"href":"https:\/\/gajos.sk\/eshop\/wp-json\/wp\/v2\/media?parent=345852"}],"wp:term":[{"taxonomy":"product_brand","embeddable":true,"href":"https:\/\/gajos.sk\/eshop\/wp-json\/wp\/v2\/product_brand?post=345852"},{"taxonomy":"product_cat","embeddable":true,"href":"https:\/\/gajos.sk\/eshop\/wp-json\/wp\/v2\/product_cat?post=345852"},{"taxonomy":"product_tag","embeddable":true,"href":"https:\/\/gajos.sk\/eshop\/wp-json\/wp\/v2\/product_tag?post=345852"}],"curies":[{"name":"wp","href":"https:\/\/api.w.org\/{rel}","templated":true}]}}