{"id":345819,"date":"2024-03-01T21:39:19","date_gmt":"2024-03-01T20:39:19","guid":{"rendered":"https:\/\/gajostest.a2hosted.com\/eshop\/cardinia-9634n-softshellova-bunda\/"},"modified":"2026-04-15T21:48:50","modified_gmt":"2026-04-15T19:48:50","slug":"cardinia-9634n-softshellova-bunda","status":"publish","type":"product","link":"https:\/\/gajos.sk\/eshop\/p\/cardinia-9634n-softshellova-bunda\/","title":{"rendered":"CARDINIA 9634N softshellov\u00e1 bunda"},"content":{"rendered":"","protected":false},"excerpt":{"rendered":"<p>p\u00e1nska 3-vrstvov\u00e1 softshellov\u00e1 bunda s ochranou proti tepeln\u00e9mu \u00fa\u010dinku elektrick\u00e9ho obl\u00faka; antistatick\u00e1 a vodeodoln\u00e1; zap\u00ednanie na zips kryt\u00e9 l\u00e9gou; 1 n\u00e1prsn\u00e9 vrecko, 2 postrann\u00e9 vreck\u00e1, 1 vn\u00fatorn\u00e9 vrecko; plame\u0148u odoln\u00e9 reflexn\u00e9 pruhy; nastavite\u013en\u00fd obvod ruk\u00e1vov pomocou such\u00e9ho zipsu; CARDINIA bundu je mo\u017en\u00e9 nosi\u0165 samostatne alebo ako softshellov\u00fa vlo\u017eku nepremokav\u00fdch b\u00fand.<\/p>\n","protected":false},"featured_media":345821,"template":"","meta":{"_acf_changed":false,"inline_featured_image":false},"product_brand":[],"product_cat":[2121,2122,2123],"product_tag":[1238],"class_list":{"0":"post-345819","1":"product","2":"type-product","3":"status-publish","4":"has-post-thumbnail","6":"product_cat-odevy","7":"product_cat-bundy-a-kabaty","8":"product_cat-bundy","9":"product_tag-sioen","10":"pa_farba-navy","11":"pa_velkost-4xl","12":"pa_velkost-xs","13":"pa_velkost-xl","14":"pa_velkost-l","15":"pa_velkost-m","16":"pa_velkost-s","17":"pa_velkost-3xl","18":"pa_velkost-xxl","19":"pa_velkost-5xl","21":"first","22":"instock","23":"taxable","24":"shipping-taxable","25":"purchasable","26":"product-type-variable"},"acf":[],"_links":{"self":[{"href":"https:\/\/gajos.sk\/eshop\/wp-json\/wp\/v2\/product\/345819","targetHints":{"allow":["GET"]}}],"collection":[{"href":"https:\/\/gajos.sk\/eshop\/wp-json\/wp\/v2\/product"}],"about":[{"href":"https:\/\/gajos.sk\/eshop\/wp-json\/wp\/v2\/types\/product"}],"wp:featuredmedia":[{"embeddable":true,"href":"https:\/\/gajos.sk\/eshop\/wp-json\/wp\/v2\/media\/345821"}],"wp:attachment":[{"href":"https:\/\/gajos.sk\/eshop\/wp-json\/wp\/v2\/media?parent=345819"}],"wp:term":[{"taxonomy":"product_brand","embeddable":true,"href":"https:\/\/gajos.sk\/eshop\/wp-json\/wp\/v2\/product_brand?post=345819"},{"taxonomy":"product_cat","embeddable":true,"href":"https:\/\/gajos.sk\/eshop\/wp-json\/wp\/v2\/product_cat?post=345819"},{"taxonomy":"product_tag","embeddable":true,"href":"https:\/\/gajos.sk\/eshop\/wp-json\/wp\/v2\/product_tag?post=345819"}],"curies":[{"name":"wp","href":"https:\/\/api.w.org\/{rel}","templated":true}]}}