{"id":345700,"date":"2024-03-01T21:37:21","date_gmt":"2024-03-01T20:37:21","guid":{"rendered":"https:\/\/gajostest.a2hosted.com\/eshop\/max-neo-lady-bunda\/"},"modified":"2026-05-07T21:42:27","modified_gmt":"2026-05-07T19:42:27","slug":"max-neo-lady-bunda","status":"publish","type":"product","link":"https:\/\/gajos.sk\/eshop\/p\/max-neo-lady-bunda\/","title":{"rendered":"MAX NEO LADY bunda"},"content":{"rendered":"","protected":false},"excerpt":{"rendered":"<p>d\u00e1mska pracovn\u00e1 bunda so zap\u00ednan\u00edm na zips kryt\u00fdm l\u00e9gou; odop\u00ednate\u013en\u00e9 ruk\u00e1vy; 2 predn\u00e9 vreck\u00e1, 2 n\u00e1prsn\u00e9 vreck\u00e1; zosilnenie nam\u00e1han\u00fdch miest lak\u0165ov a ramien; pru\u017en\u00e9 man\u017eety ruk\u00e1vov a spodn\u00fd obvod v p\u00e1se.<\/p>\n","protected":false},"featured_media":345702,"template":"","meta":{"_acf_changed":false,"inline_featured_image":false},"product_brand":[],"product_cat":[2121,2122,2123],"product_tag":[1179],"class_list":{"0":"post-345700","1":"product","2":"type-product","3":"status-publish","4":"has-post-thumbnail","6":"product_cat-odevy","7":"product_cat-bundy-a-kabaty","8":"product_cat-bundy","9":"product_tag-cerva","10":"pa_farba-cierna","11":"pa_farba-navy","12":"pa_farba-siva","13":"pa_farba-biela","14":"pa_farba-hneda","15":"pa_farba-modra","16":"pa_farba-cervena","17":"pa_velkost-3121","18":"pa_velkost-3123","19":"pa_velkost-3160","20":"pa_velkost-3161","21":"pa_velkost-3110","22":"pa_velkost-3195","23":"pa_velkost-3112","24":"pa_velkost-3114","25":"pa_velkost-3116","26":"pa_velkost-3118","27":"pa_velkost-3120","29":"first","30":"instock","31":"taxable","32":"shipping-taxable","33":"purchasable","34":"product-type-variable"},"acf":[],"_links":{"self":[{"href":"https:\/\/gajos.sk\/eshop\/wp-json\/wp\/v2\/product\/345700","targetHints":{"allow":["GET"]}}],"collection":[{"href":"https:\/\/gajos.sk\/eshop\/wp-json\/wp\/v2\/product"}],"about":[{"href":"https:\/\/gajos.sk\/eshop\/wp-json\/wp\/v2\/types\/product"}],"wp:featuredmedia":[{"embeddable":true,"href":"https:\/\/gajos.sk\/eshop\/wp-json\/wp\/v2\/media\/345702"}],"wp:attachment":[{"href":"https:\/\/gajos.sk\/eshop\/wp-json\/wp\/v2\/media?parent=345700"}],"wp:term":[{"taxonomy":"product_brand","embeddable":true,"href":"https:\/\/gajos.sk\/eshop\/wp-json\/wp\/v2\/product_brand?post=345700"},{"taxonomy":"product_cat","embeddable":true,"href":"https:\/\/gajos.sk\/eshop\/wp-json\/wp\/v2\/product_cat?post=345700"},{"taxonomy":"product_tag","embeddable":true,"href":"https:\/\/gajos.sk\/eshop\/wp-json\/wp\/v2\/product_tag?post=345700"}],"curies":[{"name":"wp","href":"https:\/\/api.w.org\/{rel}","templated":true}]}}