{"id":345593,"date":"2024-03-01T21:35:51","date_gmt":"2024-03-01T20:35:51","guid":{"rendered":"https:\/\/gajostest.a2hosted.com\/eshop\/max-neo-rflx-bunda\/"},"modified":"2026-05-07T21:40:29","modified_gmt":"2026-05-07T19:40:29","slug":"max-neo-rflx-bunda","status":"publish","type":"product","link":"https:\/\/gajos.sk\/eshop\/p\/max-neo-rflx-bunda\/","title":{"rendered":"MAX NEO RFLX bunda"},"content":{"rendered":"","protected":false},"excerpt":{"rendered":"<p>p\u00e1nska pracovn\u00e1 bunda so zap\u00ednan\u00edm na zips kryt\u00fdm l\u00e9gou; odop\u00ednate\u013en\u00e9 ruk\u00e1vy; 2 predn\u00e9 vreck\u00e1, 2 n\u00e1prsn\u00e9 vreck\u00e1; zosilnenie nam\u00e1han\u00fdch miest lak\u0165ov a ramien; reflexn\u00e9 pruhy po odvode ruk\u00e1vov a v spodnej \u010dasti chrbta; pru\u017en\u00e9 man\u017eety ruk\u00e1vov a spodn\u00fd obvod v p\u00e1se.<\/p>\n","protected":false},"featured_media":345595,"template":"","meta":{"_acf_changed":false,"inline_featured_image":false},"product_brand":[],"product_cat":[2121,2122,2123],"product_tag":[1179],"class_list":{"0":"post-345593","1":"product","2":"type-product","3":"status-publish","4":"has-post-thumbnail","6":"product_cat-odevy","7":"product_cat-bundy-a-kabaty","8":"product_cat-bundy","9":"product_tag-cerva","10":"pa_farba-modra","11":"pa_farba-zelena","12":"pa_velkost-3123","13":"pa_velkost-3155","14":"pa_velkost-3157","15":"pa_velkost-3158","16":"pa_velkost-3159","17":"pa_velkost-3160","18":"pa_velkost-3161","19":"pa_velkost-3162","20":"pa_velkost-3110","21":"pa_velkost-3174","22":"pa_velkost-3112","23":"pa_velkost-3175","24":"pa_velkost-3121","26":"first","27":"instock","28":"taxable","29":"shipping-taxable","30":"purchasable","31":"product-type-variable"},"acf":[],"_links":{"self":[{"href":"https:\/\/gajos.sk\/eshop\/wp-json\/wp\/v2\/product\/345593","targetHints":{"allow":["GET"]}}],"collection":[{"href":"https:\/\/gajos.sk\/eshop\/wp-json\/wp\/v2\/product"}],"about":[{"href":"https:\/\/gajos.sk\/eshop\/wp-json\/wp\/v2\/types\/product"}],"wp:featuredmedia":[{"embeddable":true,"href":"https:\/\/gajos.sk\/eshop\/wp-json\/wp\/v2\/media\/345595"}],"wp:attachment":[{"href":"https:\/\/gajos.sk\/eshop\/wp-json\/wp\/v2\/media?parent=345593"}],"wp:term":[{"taxonomy":"product_brand","embeddable":true,"href":"https:\/\/gajos.sk\/eshop\/wp-json\/wp\/v2\/product_brand?post=345593"},{"taxonomy":"product_cat","embeddable":true,"href":"https:\/\/gajos.sk\/eshop\/wp-json\/wp\/v2\/product_cat?post=345593"},{"taxonomy":"product_tag","embeddable":true,"href":"https:\/\/gajos.sk\/eshop\/wp-json\/wp\/v2\/product_tag?post=345593"}],"curies":[{"name":"wp","href":"https:\/\/api.w.org\/{rel}","templated":true}]}}